{"id":103508,"date":"2024-10-15T23:01:09","date_gmt":"2024-10-15T21:01:09","guid":{"rendered":"https:\/\/poppers-online.ch\/produkt\/popperbate-bator-poppers-combo\/"},"modified":"2026-05-15T20:05:16","modified_gmt":"2026-05-15T18:05:16","slug":"popperbate-bator-poppers-combo","status":"publish","type":"product","link":"https:\/\/poppers-online.ch\/fr\/produit\/popperbate-bator-poppers-combo\/","title":{"rendered":"Popperbate Bator Poppers Combo"},"content":{"rendered":"","protected":false},"excerpt":{"rendered":"<h2>Popperbate Combo<\/h2>\n<p>Tu n\u2019es pas encore un bator ? Tu en as entendu parler mais tu ne sais pas par o\u00f9 commencer ? Commence ici.<\/p>\n<p>Popperbate Combo est le kit essentiel pour entrer dans l\u2019univers du bating avec deux produits d\u00e9velopp\u00e9s par la communaut\u00e9, pour la communaut\u00e9. \u00c0 l\u2019int\u00e9rieur, tu trouveras une bouteille de Bator, le popper de Twisted Beast, une marque ind\u00e9pendante anglaise connue pour ses formules puissantes et sans compromis, ainsi que Bator Balm, un balm qui offre un vrai contr\u00f4le, une longue dur\u00e9e et un confort optimal, d\u00e9velopp\u00e9 par Alex, lui-m\u00eame bator.<\/p>\n<p>Bator Balm n\u2019est pas un lubrifiant classique. Ce n\u2019est pas une cr\u00e8me. C\u2019est un balm qui fond avec la chaleur du corps, ne s\u00e8che pas et te permet de rester concentr\u00e9 sur une seule chose : le bating. En combinaison avec Bator, il amplifie les sensations, prolonge le moment et t\u2019am\u00e8ne vers une connexion plus directe et plus consciente avec ton propre corps \u2014 ou celui de ton bro. C\u2019est \u00e7a, le bating.<\/p>\n<p>Curieux ? Commence ici. Les deux produits r\u00e9unis \u00e0 un prix plus avantageux.<\/p>\n<h2>Bator \u2013 24 ml<\/h2>\n<p>Popper intensit\u00e9 5\/6 \u00e0 base de nitrite de pentyle\/isoamyle, formul\u00e9 pour un effet contr\u00f4l\u00e9 et une stimulation intense pendant le bating.<\/p>\n<h2>Bator Balm \u2013 177 ml<\/h2>\n<p>Balm longue dur\u00e9e formul\u00e9 \u00e0 base d\u2019huile min\u00e9rale, de cire d\u2019abeille, de paraffine et de vitamine E afin de cr\u00e9er une texture qui s\u2019active avec la chaleur du corps. Son parfum l\u00e9ger, avec des notes de c\u00e8dre, de copal et une touche de bator love, est con\u00e7u pour se m\u00e9langer \u00e0 ton odeur naturelle \u2014 pas pour la masquer.<\/p>\n<h2>Recommand\u00e9 pour<\/h2>\n<p>Les bators d\u00e9butants comme exp\u00e9riment\u00e9s, ainsi que pour tous ceux qui veulent faire passer leurs sessions d\u2019edging \u00e0 un niveau sup\u00e9rieur avec des produits sp\u00e9cialement pens\u00e9s pour le bating.<\/p>\n<h2>FAQ<\/h2>\n[elementor-template id=\"157451\"]\n","protected":false},"featured_media":157458,"comment_status":"open","ping_status":"closed","template":"","meta":{"_acf_changed":false,"iawp_total_views":41,"_glsr_average":0,"_glsr_ranking":0,"_glsr_reviews":0},"product_brand":[],"product_cat":[149,77,76,1046],"product_tag":[],"class_list":{"0":"post-103508","1":"product","2":"type-product","3":"status-publish","4":"has-post-thumbnail","6":"product_cat-accessoires-poppers","7":"product_cat-grands-flacons","8":"product_cat-paquets-economiques","9":"product_cat-poppers","10":"pa_flaschenform-ovale","11":"pa_gewindegroesse-small","12":"pa_inhalt-24ml","13":"pa_inhalt-combo","14":"pa_inhaltsstoffe-nitrite-dalcool-isoamylique","15":"pa_marke-twisted-beast","16":"pa_staerke-90","18":"first","19":"instock","20":"sale","21":"taxable","22":"shipping-taxable","23":"purchasable","24":"product-type-simple"},"acf":[],"_links":{"self":[{"href":"https:\/\/poppers-online.ch\/fr\/wp-json\/wp\/v2\/product\/103508","targetHints":{"allow":["GET"]}}],"collection":[{"href":"https:\/\/poppers-online.ch\/fr\/wp-json\/wp\/v2\/product"}],"about":[{"href":"https:\/\/poppers-online.ch\/fr\/wp-json\/wp\/v2\/types\/product"}],"replies":[{"embeddable":true,"href":"https:\/\/poppers-online.ch\/fr\/wp-json\/wp\/v2\/comments?post=103508"}],"wp:featuredmedia":[{"embeddable":true,"href":"https:\/\/poppers-online.ch\/fr\/wp-json\/wp\/v2\/media\/157458"}],"wp:attachment":[{"href":"https:\/\/poppers-online.ch\/fr\/wp-json\/wp\/v2\/media?parent=103508"}],"wp:term":[{"taxonomy":"product_brand","embeddable":true,"href":"https:\/\/poppers-online.ch\/fr\/wp-json\/wp\/v2\/product_brand?post=103508"},{"taxonomy":"product_cat","embeddable":true,"href":"https:\/\/poppers-online.ch\/fr\/wp-json\/wp\/v2\/product_cat?post=103508"},{"taxonomy":"product_tag","embeddable":true,"href":"https:\/\/poppers-online.ch\/fr\/wp-json\/wp\/v2\/product_tag?post=103508"}],"curies":[{"name":"wp","href":"https:\/\/api.w.org\/{rel}","templated":true}]}}