{"id":103499,"date":"2024-10-15T22:35:37","date_gmt":"2024-10-15T20:35:37","guid":{"rendered":"https:\/\/poppers-online.ch\/produkt\/feel-the-rush-poppers-combo\/"},"modified":"2026-03-26T16:19:28","modified_gmt":"2026-03-26T15:19:28","slug":"feel-the-rush-poppers-combo","status":"publish","type":"product","link":"https:\/\/poppers-online.ch\/fr\/produit\/feel-the-rush-poppers-combo\/","title":{"rendered":"Feel the RUSH Poppers Combo"},"content":{"rendered":"","protected":false},"excerpt":{"rendered":"<p><strong>Feel the RUSH Poppers Combo<\/strong> se compose de 4 flacons de RUSH 30ml : 2x Rush Extra Strong 30ml et 2x Mega Rush 30ml Poppers. Le<strong> Rush Extra Strong 30ml<\/strong> Poppers est de retour dans son flacon jaune embl\u00e9matique de 30ml. Il a \u00e9t\u00e9 copi\u00e9 x fois en Europe.<\/p>\n<p>  Le Rush Extra Strong Poppers est jusqu&rsquo;\u00e0 3 fois plus intense que le Rush normal. Les poppers Rush font partie des poppers les plus populaires dans le monde et en Suisse \u00e9galement. Essaie le Rush Extra Strong Poppers seul ou avec tes amis et laisse-nous un commentaire sur le produit.<\/p>\n<p><strong>Mega Rush 30ml : <\/strong>Rush est le poppers le plus populaire dans le monde, en Europe et aussi en Suisse. Fabriqu\u00e9 \u00e0 base de nitrite d\u2019hexyle, Mega Rush te ravira, toi et tes amis. Notre plus grand flacon pour un plaisir de longue dur\u00e9e. Commande ce classique d\u00e8s maintenant, jusqu\u2019\u00e0 \u00e9puisement des stocks.   <\/p>\n","protected":false},"featured_media":103494,"comment_status":"open","ping_status":"closed","template":"","meta":{"_acf_changed":false,"iawp_total_views":186,"_glsr_average":0,"_glsr_ranking":0,"_glsr_reviews":0},"product_brand":[],"product_cat":[1046,76,77],"product_tag":[],"class_list":{"0":"post-103499","1":"product","2":"type-product","3":"status-publish","4":"has-post-thumbnail","6":"product_cat-poppers","7":"product_cat-paquets-economiques","8":"product_cat-grands-flacons","9":"pa_flaschenform-rond-petit","10":"pa_gewindegroesse-small","11":"pa_inhalt-combo","12":"pa_inhalt-30ml","13":"pa_inhaltsstoffe-nitrite-dhexyle","14":"pa_marke-rush-poppers","15":"pa_staerke-91","17":"first","18":"instock","19":"sale","20":"taxable","21":"shipping-taxable","22":"purchasable","23":"product-type-simple"},"acf":[],"_links":{"self":[{"href":"https:\/\/poppers-online.ch\/fr\/wp-json\/wp\/v2\/product\/103499","targetHints":{"allow":["GET"]}}],"collection":[{"href":"https:\/\/poppers-online.ch\/fr\/wp-json\/wp\/v2\/product"}],"about":[{"href":"https:\/\/poppers-online.ch\/fr\/wp-json\/wp\/v2\/types\/product"}],"replies":[{"embeddable":true,"href":"https:\/\/poppers-online.ch\/fr\/wp-json\/wp\/v2\/comments?post=103499"}],"wp:featuredmedia":[{"embeddable":true,"href":"https:\/\/poppers-online.ch\/fr\/wp-json\/wp\/v2\/media\/103494"}],"wp:attachment":[{"href":"https:\/\/poppers-online.ch\/fr\/wp-json\/wp\/v2\/media?parent=103499"}],"wp:term":[{"taxonomy":"product_brand","embeddable":true,"href":"https:\/\/poppers-online.ch\/fr\/wp-json\/wp\/v2\/product_brand?post=103499"},{"taxonomy":"product_cat","embeddable":true,"href":"https:\/\/poppers-online.ch\/fr\/wp-json\/wp\/v2\/product_cat?post=103499"},{"taxonomy":"product_tag","embeddable":true,"href":"https:\/\/poppers-online.ch\/fr\/wp-json\/wp\/v2\/product_tag?post=103499"}],"curies":[{"name":"wp","href":"https:\/\/api.w.org\/{rel}","templated":true}]}}