{"id":103458,"date":"2024-10-15T17:06:57","date_gmt":"2024-10-15T15:06:57","guid":{"rendered":"https:\/\/poppers-online.ch\/produkt\/master-black-label-extreme-30ml-poppers\/"},"modified":"2025-07-16T23:01:07","modified_gmt":"2025-07-16T21:01:07","slug":"master-black-label-extreme-30ml-poppers","status":"publish","type":"product","link":"https:\/\/poppers-online.ch\/fr\/produit\/master-black-label-extreme-30ml-poppers\/","title":{"rendered":"MASTER Black Label Extreme 30ml Poppers"},"content":{"rendered":"","protected":false},"excerpt":{"rendered":"<p><span style=\"font-weight: 400;\"><strong>MASTER Black Label Extreme 30ml<\/strong> Poppers est une nouveaut\u00e9 mondiale de Royal Hexagon. La c\u00e9l\u00e8bre Canadian Pentyl Formula est enfin disponible dans une bouteille en aluminium styl\u00e9e et indestructible. Et pour que vous puissiez la sniffer encore plus longtemps, Royal Hexagon a mis 30 ml entiers de nitrite de pentyle extra fort dans la bouteille en aluminium MASTER Black Label Extreme. <\/span><\/p>\n<p><span style=\"font-weight: 400;\">Lorsque tu refermes cette bouteille, fais attention \u00e0 ne pas trop serrer le bouchon. Appuie le bouchon noir contre la bouteille et visse le bouchon avec pr\u00e9caution. La taille du filetage de ce flacon en aluminium de 30 ml est XL. Utilise l&#8217;embout XL pour tes capsules Poppers Booster.<\/span><\/p>\n","protected":false},"featured_media":103441,"comment_status":"open","ping_status":"closed","template":"","meta":{"_acf_changed":false,"iawp_total_views":23,"_glsr_average":0,"_glsr_ranking":0,"_glsr_reviews":0},"product_brand":[],"product_cat":[1046,77],"product_tag":[],"class_list":{"0":"post-103458","1":"product","2":"type-product","3":"status-publish","4":"has-post-thumbnail","6":"product_cat-poppers","7":"product_cat-grands-flacons","8":"pa_flaschenform-rond-grand","9":"pa_inhalt-30ml","10":"pa_inhaltsstoffe-formule-canadienne-de-pentyle","11":"pa_marke-royal-hexagon-fr","12":"pa_staerke-91","14":"first","15":"instock","16":"taxable","17":"shipping-taxable","18":"purchasable","19":"product-type-simple"},"acf":[],"_links":{"self":[{"href":"https:\/\/poppers-online.ch\/fr\/wp-json\/wp\/v2\/product\/103458","targetHints":{"allow":["GET"]}}],"collection":[{"href":"https:\/\/poppers-online.ch\/fr\/wp-json\/wp\/v2\/product"}],"about":[{"href":"https:\/\/poppers-online.ch\/fr\/wp-json\/wp\/v2\/types\/product"}],"replies":[{"embeddable":true,"href":"https:\/\/poppers-online.ch\/fr\/wp-json\/wp\/v2\/comments?post=103458"}],"wp:featuredmedia":[{"embeddable":true,"href":"https:\/\/poppers-online.ch\/fr\/wp-json\/wp\/v2\/media\/103441"}],"wp:attachment":[{"href":"https:\/\/poppers-online.ch\/fr\/wp-json\/wp\/v2\/media?parent=103458"}],"wp:term":[{"taxonomy":"product_brand","embeddable":true,"href":"https:\/\/poppers-online.ch\/fr\/wp-json\/wp\/v2\/product_brand?post=103458"},{"taxonomy":"product_cat","embeddable":true,"href":"https:\/\/poppers-online.ch\/fr\/wp-json\/wp\/v2\/product_cat?post=103458"},{"taxonomy":"product_tag","embeddable":true,"href":"https:\/\/poppers-online.ch\/fr\/wp-json\/wp\/v2\/product_tag?post=103458"}],"curies":[{"name":"wp","href":"https:\/\/api.w.org\/{rel}","templated":true}]}}