{"id":103454,"date":"2024-10-15T17:30:49","date_gmt":"2024-10-15T15:46:00","guid":{"rendered":"https:\/\/poppers-online.ch\/produkt\/america-first-poppers-combo\/"},"modified":"2025-11-25T10:04:12","modified_gmt":"2025-11-25T09:04:12","slug":"america-first-poppers-combo","status":"publish","type":"product","link":"https:\/\/poppers-online.ch\/fr\/produit\/america-first-poppers-combo\/","title":{"rendered":"America First Poppers Combo"},"content":{"rendered":"","protected":false},"excerpt":{"rendered":"<p>D\u00e9couvrez la puissance concentr\u00e9e des meilleurs poppers avec le <strong>combo America First Poppers !<\/strong> Cette s\u00e9lection exclusive de 2x 30ml de <strong>HARD F*UCK Extra Strong Poppers<\/strong> vous apporte les poppers les plus populaires, connus pour leur puissance et leurs effets durables. Que vous soyez d\u00e9butant ou utilisateur exp\u00e9riment\u00e9 de poppers, ce combo vous offre une vari\u00e9t\u00e9 d&rsquo;exp\u00e9riences intenses &#8211; parfaites pour chaque session. <strong>HARD F*UCK Extra Strong 30ml Poppers<\/strong> est une nouveaut\u00e9 mondiale de Royal Hexagon. La c\u00e9l\u00e8bre formule Canadian Pentyl est enfin disponible dans un flacon en aluminium styl\u00e9 et indestructible. Et pour que vous puissiez renifler la bouteille encore plus longtemps, Royal Hexagon a mis 30 ml entiers de nitrite de pentyle extra fort dans la bouteille en aluminium HARD F*CK Extra Strong. HARD F*CK Poppers est destin\u00e9 \u00e0 tous ceux qui aiment les bonnes sessions bien hard.La taille du filetage de cette bouteille en aluminium de 30 ml est XL. Utilisez l&#8217;embout XL pour vos capsules de poppers. <\/p>\n","protected":false},"featured_media":103448,"comment_status":"open","ping_status":"closed","template":"","meta":{"_acf_changed":false,"iawp_total_views":34,"_glsr_average":0,"_glsr_ranking":0,"_glsr_reviews":0},"product_brand":[],"product_cat":[1046,76,77],"product_tag":[],"class_list":{"0":"post-103454","1":"product","2":"type-product","3":"status-publish","4":"has-post-thumbnail","6":"product_cat-poppers","7":"product_cat-paquets-economiques","8":"product_cat-grands-flacons","9":"pa_flaschenform-rond-grand","10":"pa_inhalt-combo","11":"pa_inhalt-30ml","12":"pa_inhaltsstoffe-formule-canadienne-de-pentyle","13":"pa_marke-royal-hexagon-fr","14":"pa_staerke-91","16":"first","17":"instock","18":"sale","19":"taxable","20":"shipping-taxable","21":"purchasable","22":"product-type-simple"},"acf":[],"_links":{"self":[{"href":"https:\/\/poppers-online.ch\/fr\/wp-json\/wp\/v2\/product\/103454","targetHints":{"allow":["GET"]}}],"collection":[{"href":"https:\/\/poppers-online.ch\/fr\/wp-json\/wp\/v2\/product"}],"about":[{"href":"https:\/\/poppers-online.ch\/fr\/wp-json\/wp\/v2\/types\/product"}],"replies":[{"embeddable":true,"href":"https:\/\/poppers-online.ch\/fr\/wp-json\/wp\/v2\/comments?post=103454"}],"wp:featuredmedia":[{"embeddable":true,"href":"https:\/\/poppers-online.ch\/fr\/wp-json\/wp\/v2\/media\/103448"}],"wp:attachment":[{"href":"https:\/\/poppers-online.ch\/fr\/wp-json\/wp\/v2\/media?parent=103454"}],"wp:term":[{"taxonomy":"product_brand","embeddable":true,"href":"https:\/\/poppers-online.ch\/fr\/wp-json\/wp\/v2\/product_brand?post=103454"},{"taxonomy":"product_cat","embeddable":true,"href":"https:\/\/poppers-online.ch\/fr\/wp-json\/wp\/v2\/product_cat?post=103454"},{"taxonomy":"product_tag","embeddable":true,"href":"https:\/\/poppers-online.ch\/fr\/wp-json\/wp\/v2\/product_tag?post=103454"}],"curies":[{"name":"wp","href":"https:\/\/api.w.org\/{rel}","templated":true}]}}