{"id":103407,"date":"2024-10-15T14:15:05","date_gmt":"2024-10-15T12:34:26","guid":{"rendered":"https:\/\/poppers-online.ch\/produkt\/black-fist-fetish-poppers-combo\/"},"modified":"2024-10-23T11:15:23","modified_gmt":"2024-10-23T09:15:23","slug":"black-fist-fetish-poppers-combo","status":"publish","type":"product","link":"https:\/\/poppers-online.ch\/fr\/produit\/black-fist-fetish-poppers-combo\/","title":{"rendered":"Black Fist Fetish Poppers Combo"},"content":{"rendered":"","protected":false},"excerpt":{"rendered":"<p>Le combo Black Fist Fetish Poppers se compose de trois flacons de poppers : <strong>Twisted Beast Black Label Poppers 24ml, Fetish 30ml, <b>Iron Fist Poppers Black Label 10ml.<\/b><\/strong><\/p>\n<p>&nbsp;<\/p>\n<p><strong>Twisted Beast Black Label Poppers 24ml<\/strong> est le classique des poppers Twisted Beast \u00e0 la mode du Royaume-Uni et contient du pentyl\/isoamyl alcool nitrite. Twisted Beast est une marque de sexe gay hardcore embl\u00e9matique du Royaume-Uni. Les poppers de Twisted Beast font partie des poppers les plus extr\u00eames disponibles au Royaume-Uni. Plus besoin d&rsquo;aller \u00e0 SOHO pour acheter les poppers embl\u00e9matiques de Twisted Beast.  <\/p>\n<p>Avec Twisted Beast Black Label Poppers 24ml, montrez \u00e0 quel point vous pouvez \u00eatre d\u00e9rang\u00e9 et que tous les fantasmes les plus sales peuvent \u00eatre r\u00e9alis\u00e9s dans votre t\u00eate.<\/p>\n<p>&nbsp;<\/p>\n<p><strong>Fetish 30ml<\/strong> du fabricant Lockerroom du Canada. R\u00e9pandu chez les perles f\u00e9tiches et \u00e0 base de la Canadian Pentyl Formula. Un parfum excitant qui sent le cuir et qui vous plaira aussi.<\/p>\n<p>&nbsp;<\/p>\n<p>Nous et nos amis Fist l&rsquo;avons attendu longtemps : Le <b>Iron Fist Poppers Black Label 10ml <\/b>est l\u00e0, dans une formule pentyle puissante et, en plus, dans un flacon en aluminium indestructible. Ce poppers puissant est destin\u00e9 \u00e0 tous les experts intr\u00e9pides et aux amateurs de jeux FF et de sessions difficiles. Une fois ouvert, Iron Fist Black Label fait de vous un animal sans retenue qui tressaille apr\u00e8s les grosses bites, les poings et les jouets. Le format de poche pratique dans une bouteille en aluminium l\u00e9g\u00e8re et indestructible se glisse dans une poche de pantalon et vous s\u00e9duira \u00e9galement.<\/p>\n","protected":false},"featured_media":103401,"comment_status":"open","ping_status":"closed","template":"","meta":{"_acf_changed":false,"iawp_total_views":15,"_glsr_average":0,"_glsr_ranking":0,"_glsr_reviews":0},"product_brand":[],"product_cat":[1046,76,77,78],"product_tag":[],"class_list":{"0":"post-103407","1":"product","2":"type-product","3":"status-publish","4":"has-post-thumbnail","6":"product_cat-poppers","7":"product_cat-paquets-economiques","8":"product_cat-grands-flacons","9":"product_cat-petits-flacons","10":"pa_flaschenform-rond-petit","11":"pa_flaschenform-ovale","12":"pa_gewindegroesse-small","13":"pa_inhalt-combo","14":"pa_inhalt-24ml","15":"pa_inhalt-10ml","16":"pa_inhaltsstoffe-nitrite-dhexyle","17":"pa_inhaltsstoffe-nitrite-dalcool-isoamylique","18":"pa_marke-fist-poppers","19":"pa_marke-lockerroom-poppers","20":"pa_marke-twisted-beast","21":"pa_staerke-91","23":"first","24":"instock","25":"sale","26":"taxable","27":"shipping-taxable","28":"purchasable","29":"product-type-simple"},"acf":[],"_links":{"self":[{"href":"https:\/\/poppers-online.ch\/fr\/wp-json\/wp\/v2\/product\/103407","targetHints":{"allow":["GET"]}}],"collection":[{"href":"https:\/\/poppers-online.ch\/fr\/wp-json\/wp\/v2\/product"}],"about":[{"href":"https:\/\/poppers-online.ch\/fr\/wp-json\/wp\/v2\/types\/product"}],"replies":[{"embeddable":true,"href":"https:\/\/poppers-online.ch\/fr\/wp-json\/wp\/v2\/comments?post=103407"}],"wp:featuredmedia":[{"embeddable":true,"href":"https:\/\/poppers-online.ch\/fr\/wp-json\/wp\/v2\/media\/103401"}],"wp:attachment":[{"href":"https:\/\/poppers-online.ch\/fr\/wp-json\/wp\/v2\/media?parent=103407"}],"wp:term":[{"taxonomy":"product_brand","embeddable":true,"href":"https:\/\/poppers-online.ch\/fr\/wp-json\/wp\/v2\/product_brand?post=103407"},{"taxonomy":"product_cat","embeddable":true,"href":"https:\/\/poppers-online.ch\/fr\/wp-json\/wp\/v2\/product_cat?post=103407"},{"taxonomy":"product_tag","embeddable":true,"href":"https:\/\/poppers-online.ch\/fr\/wp-json\/wp\/v2\/product_tag?post=103407"}],"curies":[{"name":"wp","href":"https:\/\/api.w.org\/{rel}","templated":true}]}}