{"id":103157,"date":"2024-10-12T20:21:18","date_gmt":"2024-10-12T18:24:01","guid":{"rendered":"https:\/\/poppers-online.ch\/produkt\/fist-fuck-yellow-poppers-24ml-twisted-beast\/"},"modified":"2025-01-29T18:12:29","modified_gmt":"2025-01-29T17:12:29","slug":"fist-fuck-yellow-poppers-24ml-twisted-beast","status":"publish","type":"product","link":"https:\/\/poppers-online.ch\/fr\/produit\/fist-fuck-yellow-poppers-24ml-twisted-beast\/","title":{"rendered":"Fist Fuck Yellow Poppers 24ml Twisted Beast"},"content":{"rendered":"","protected":false},"excerpt":{"rendered":"<p><span style=\"font-weight: 400;\"><strong>Fist Fuck Yellow Poppers 24ml Twisted Beast<\/strong> est le poppers pour tous les fisters et les fist\u00e9s.<\/span><span style=\"font-weight: 400;\"> parmi les poppers tendance Twisted Beast du Royaume-Uni et contient le nouveau nitrite de N-pentyle extra fort.<\/span><\/p>\n<p>&nbsp;<\/p>\n<p><span style=\"font-weight: 400;\">Twisted Beast est une marque de sexe gay hardcore embl\u00e9matique du Royaume-Uni. Les poppers de Twisted Beast font partie des poppers les plus extr\u00eames disponibles au Royaume-Uni. Plus besoin d&rsquo;aller \u00e0 SOHO pour acheter les poppers embl\u00e9matiques de Twisted Beast.   Nous vous les livrons \u00e0 domicile.<br \/>\n<\/span><\/p>\n<p><span style=\"font-weight: 400;\"><br \/>\n<\/span><span style=\"font-weight: 400;\"><br \/>\n<\/span><span style=\"font-weight: 400;\">Offrez-vous une charge suppl\u00e9mentaire d&rsquo;exercices d&rsquo;\u00e9tirement et ruinez votre trou avec Fist Fuck Yellow Poppers. Transformez toute pens\u00e9e coquine dans votre t\u00eate en r\u00e9alit\u00e9 et d\u00e9tendez-vous lors de votre prochaine session FF et d\u00e9couvrez une nouvelle dimension de la satisfaction FF avec l&rsquo;excitation de Twisted Beast Fist Fuck Poppers.<br \/>\n<\/span><\/p>\n","protected":false},"featured_media":103146,"comment_status":"open","ping_status":"closed","template":"","meta":{"_acf_changed":false,"iawp_total_views":25,"_glsr_average":0,"_glsr_ranking":0,"_glsr_reviews":0},"product_brand":[],"product_cat":[1046,77],"product_tag":[],"class_list":{"0":"post-103157","1":"product","2":"type-product","3":"status-publish","4":"has-post-thumbnail","6":"product_cat-poppers","7":"product_cat-grands-flacons","8":"pa_flaschenform-ovale","9":"pa_gewindegroesse-small","10":"pa_inhalt-24ml","11":"pa_inhaltsstoffe-nitrite-de-n-pentanol","12":"pa_marke-twisted-beast","13":"pa_staerke-91","15":"first","16":"instock","17":"taxable","18":"shipping-taxable","19":"purchasable","20":"product-type-simple"},"acf":[],"_links":{"self":[{"href":"https:\/\/poppers-online.ch\/fr\/wp-json\/wp\/v2\/product\/103157","targetHints":{"allow":["GET"]}}],"collection":[{"href":"https:\/\/poppers-online.ch\/fr\/wp-json\/wp\/v2\/product"}],"about":[{"href":"https:\/\/poppers-online.ch\/fr\/wp-json\/wp\/v2\/types\/product"}],"replies":[{"embeddable":true,"href":"https:\/\/poppers-online.ch\/fr\/wp-json\/wp\/v2\/comments?post=103157"}],"wp:featuredmedia":[{"embeddable":true,"href":"https:\/\/poppers-online.ch\/fr\/wp-json\/wp\/v2\/media\/103146"}],"wp:attachment":[{"href":"https:\/\/poppers-online.ch\/fr\/wp-json\/wp\/v2\/media?parent=103157"}],"wp:term":[{"taxonomy":"product_brand","embeddable":true,"href":"https:\/\/poppers-online.ch\/fr\/wp-json\/wp\/v2\/product_brand?post=103157"},{"taxonomy":"product_cat","embeddable":true,"href":"https:\/\/poppers-online.ch\/fr\/wp-json\/wp\/v2\/product_cat?post=103157"},{"taxonomy":"product_tag","embeddable":true,"href":"https:\/\/poppers-online.ch\/fr\/wp-json\/wp\/v2\/product_tag?post=103157"}],"curies":[{"name":"wp","href":"https:\/\/api.w.org\/{rel}","templated":true}]}}