{"id":103149,"date":"2024-10-12T20:06:56","date_gmt":"2024-10-12T18:16:07","guid":{"rendered":"https:\/\/poppers-online.ch\/produkt\/sissy-poppers-24ml-bete-torsadee\/"},"modified":"2026-02-02T11:38:05","modified_gmt":"2026-02-02T10:38:05","slug":"sissy-poppers-24ml-bete-torsadee","status":"publish","type":"product","link":"https:\/\/poppers-online.ch\/fr\/produit\/sissy-poppers-24ml-bete-torsadee\/","title":{"rendered":"Sissy Poppers 24ml Twisted Beast"},"content":{"rendered":"","protected":false},"excerpt":{"rendered":"<p><strong>Sissy Poppers 24ml Twisted Beast<\/strong> est le poppers de toute Sissy soumise parmi les poppers Twisted Beast \u00e0 la mode du Royaume-Uni et contient du pentyl\/isoamyl alcool nitrite.<\/p>\n<p>Twisted Beast est une marque de sexe gay hardcore embl\u00e9matique du Royaume-Uni. Les poppers de Twisted Beast font partie des poppers les plus extr\u00eames disponibles au Royaume-Uni. Plus besoin d&rsquo;aller \u00e0 SOHO pour acheter les poppers embl\u00e9matiques de Twisted Beast.  <\/p>\n<p>Avec le Sissy Poppers 24ml Twisted Beast, devenez une petite salope soumise dont votre top sait que vous pouvez l&rsquo;\u00eatre aussi. Vous n&rsquo;avez \u00e0 vous soucier de rien d&rsquo;autre que de vos poppers et de la queue bien plus grosse que vous avez devant vous. <\/p>\n","protected":false},"featured_media":103135,"comment_status":"open","ping_status":"closed","template":"","meta":{"_acf_changed":false,"iawp_total_views":176,"_glsr_average":0,"_glsr_ranking":0,"_glsr_reviews":0},"product_brand":[],"product_cat":[1046,77],"product_tag":[],"class_list":{"0":"post-103149","1":"product","2":"type-product","3":"status-publish","4":"has-post-thumbnail","6":"product_cat-poppers","7":"product_cat-grands-flacons","8":"pa_flaschenform-ovale","9":"pa_gewindegroesse-small","10":"pa_inhalt-24ml","11":"pa_inhaltsstoffe-nitrite-dalcool-isoamylique","12":"pa_marke-twisted-beast","13":"pa_staerke-91","15":"first","16":"instock","17":"taxable","18":"shipping-taxable","19":"purchasable","20":"product-type-simple"},"acf":[],"_links":{"self":[{"href":"https:\/\/poppers-online.ch\/fr\/wp-json\/wp\/v2\/product\/103149","targetHints":{"allow":["GET"]}}],"collection":[{"href":"https:\/\/poppers-online.ch\/fr\/wp-json\/wp\/v2\/product"}],"about":[{"href":"https:\/\/poppers-online.ch\/fr\/wp-json\/wp\/v2\/types\/product"}],"replies":[{"embeddable":true,"href":"https:\/\/poppers-online.ch\/fr\/wp-json\/wp\/v2\/comments?post=103149"}],"wp:featuredmedia":[{"embeddable":true,"href":"https:\/\/poppers-online.ch\/fr\/wp-json\/wp\/v2\/media\/103135"}],"wp:attachment":[{"href":"https:\/\/poppers-online.ch\/fr\/wp-json\/wp\/v2\/media?parent=103149"}],"wp:term":[{"taxonomy":"product_brand","embeddable":true,"href":"https:\/\/poppers-online.ch\/fr\/wp-json\/wp\/v2\/product_brand?post=103149"},{"taxonomy":"product_cat","embeddable":true,"href":"https:\/\/poppers-online.ch\/fr\/wp-json\/wp\/v2\/product_cat?post=103149"},{"taxonomy":"product_tag","embeddable":true,"href":"https:\/\/poppers-online.ch\/fr\/wp-json\/wp\/v2\/product_tag?post=103149"}],"curies":[{"name":"wp","href":"https:\/\/api.w.org\/{rel}","templated":true}]}}