{"id":103068,"date":"2024-10-11T22:19:59","date_gmt":"2024-10-11T20:24:22","guid":{"rendered":"https:\/\/poppers-online.ch\/produkt\/bator-poppers-24ml-twisted-beast\/"},"modified":"2026-02-22T22:11:03","modified_gmt":"2026-02-22T21:11:03","slug":"bator-poppers-24ml-twisted-beast","status":"publish","type":"product","link":"https:\/\/poppers-online.ch\/fr\/produit\/bator-poppers-24ml-twisted-beast\/","title":{"rendered":"Bator Poppers 24ml Twisted Beast"},"content":{"rendered":"","protected":false},"excerpt":{"rendered":"<h2>Prenez Bator Poppers 24ml Twisted Beast avec vous pour faire du popperbating sur Popperbate<\/h2>\n<p><span style=\"font-weight: 400;\"><strong>Bator Poppers 24ml Twisted Beast<\/strong> est le poppers pour tous les popperbator<\/span><span style=\"font-weight: 400;\"> parmi les poppers Twisted Beast \u00e0 la mode du Royaume-Uni et contient du pentyle\/isoamyl alcool nitrite.<\/span><\/p>\n<p><span style=\"font-weight: 400;\">Twisted Beast est une marque de sexe gay hardcore embl\u00e9matique du Royaume-Uni. Les poppers de Twisted Beast font partie des poppers les plus extr\u00eames disponibles au Royaume-Uni. Plus besoin d&rsquo;aller \u00e0 SOHO pour acheter les poppers embl\u00e9matiques de Twisted Beast.  <\/span><\/p>\n<p><span style=\"font-weight: 400;\">Cherchez des personnes partageant les m\u00eames int\u00e9r\u00eats sur Popperbate. Parce que le popperbating est addictif et que vous ne pouvez pas vous arr\u00eater. Alors \u00e9teignez la lumi\u00e8re et mettez le porno \u00e0 fond. Rendez votre queue glissante et lancez-vous.   <\/span><\/p>\n","protected":false},"featured_media":103064,"comment_status":"open","ping_status":"closed","template":"","meta":{"_acf_changed":false,"iawp_total_views":26,"_glsr_average":0,"_glsr_ranking":0,"_glsr_reviews":0},"product_brand":[],"product_cat":[1046,77],"product_tag":[],"class_list":{"0":"post-103068","1":"product","2":"type-product","3":"status-publish","4":"has-post-thumbnail","6":"product_cat-poppers","7":"product_cat-grands-flacons","8":"pa_flaschenform-ovale","9":"pa_gewindegroesse-small","10":"pa_inhalt-24ml","11":"pa_inhaltsstoffe-nitrite-dalcool-isoamylique","12":"pa_marke-twisted-beast","13":"pa_staerke-90","15":"first","16":"instock","17":"taxable","18":"shipping-taxable","19":"purchasable","20":"product-type-simple"},"acf":[],"_links":{"self":[{"href":"https:\/\/poppers-online.ch\/fr\/wp-json\/wp\/v2\/product\/103068","targetHints":{"allow":["GET"]}}],"collection":[{"href":"https:\/\/poppers-online.ch\/fr\/wp-json\/wp\/v2\/product"}],"about":[{"href":"https:\/\/poppers-online.ch\/fr\/wp-json\/wp\/v2\/types\/product"}],"replies":[{"embeddable":true,"href":"https:\/\/poppers-online.ch\/fr\/wp-json\/wp\/v2\/comments?post=103068"}],"wp:featuredmedia":[{"embeddable":true,"href":"https:\/\/poppers-online.ch\/fr\/wp-json\/wp\/v2\/media\/103064"}],"wp:attachment":[{"href":"https:\/\/poppers-online.ch\/fr\/wp-json\/wp\/v2\/media?parent=103068"}],"wp:term":[{"taxonomy":"product_brand","embeddable":true,"href":"https:\/\/poppers-online.ch\/fr\/wp-json\/wp\/v2\/product_brand?post=103068"},{"taxonomy":"product_cat","embeddable":true,"href":"https:\/\/poppers-online.ch\/fr\/wp-json\/wp\/v2\/product_cat?post=103068"},{"taxonomy":"product_tag","embeddable":true,"href":"https:\/\/poppers-online.ch\/fr\/wp-json\/wp\/v2\/product_tag?post=103068"}],"curies":[{"name":"wp","href":"https:\/\/api.w.org\/{rel}","templated":true}]}}