{"id":103055,"date":"2024-10-11T21:56:05","date_gmt":"2024-10-11T20:07:40","guid":{"rendered":"https:\/\/poppers-online.ch\/produkt\/brain-drain-poppers-24ml-twisted-beast\/"},"modified":"2024-10-23T19:43:39","modified_gmt":"2024-10-23T17:43:39","slug":"brain-drain-poppers-24ml-twisted-beast","status":"publish","type":"product","link":"https:\/\/poppers-online.ch\/fr\/produit\/brain-drain-poppers-24ml-twisted-beast\/","title":{"rendered":"Brain Drain Poppers 24ml Twisted Beast"},"content":{"rendered":"","protected":false},"excerpt":{"rendered":"<p><span style=\"font-weight: 400;\"><strong>Brain Drain Poppers 24ml Twisted Beast<\/strong> est le poppers pour les esclaves sexuels<\/span><span style=\"font-weight: 400;\"> parmi les poppers Twisted Beast \u00e0 la mode du Royaume-Uni et contient du pentyle\/isoamyl alcool nitrite.<\/span><\/p>\n<p>&nbsp;<\/p>\n<p><span style=\"font-weight: 400;\">Twisted Beast est une marque de sexe gay hardcore embl\u00e9matique du Royaume-Uni. Les poppers de Twisted Beast font partie des poppers les plus extr\u00eames disponibles au Royaume-Uni. Plus besoin d&rsquo;aller \u00e0 SOHO pour acheter les poppers embl\u00e9matiques de Twisted Beast.  <\/span><\/p>\n<p><span style=\"font-weight: 400;\"><br \/>\n<\/span><span style=\"font-weight: 400;\"><br \/>\n<\/span><span style=\"font-weight: 400;\">Il est temps de vider votre t\u00eate et votre cerveau. Les Brain Drain Poppers lib\u00e8rent votre t\u00eate pour que vous puissiez la remplir d&rsquo;autant de porno, de bites et de sperme. En un sniff, vous devenez un esclave sexuel sans volont\u00e9.  <\/span><\/p>\n","protected":false},"featured_media":103052,"comment_status":"open","ping_status":"closed","template":"","meta":{"_acf_changed":false,"iawp_total_views":19,"_glsr_average":0,"_glsr_ranking":0,"_glsr_reviews":0},"product_brand":[],"product_cat":[1046,77],"product_tag":[],"class_list":{"0":"post-103055","1":"product","2":"type-product","3":"status-publish","4":"has-post-thumbnail","6":"product_cat-poppers","7":"product_cat-grands-flacons","8":"pa_flaschenform-ovale","9":"pa_gewindegroesse-small","10":"pa_inhalt-24ml","11":"pa_inhaltsstoffe-nitrite-dalcool-isoamylique","12":"pa_marke-twisted-beast","13":"pa_staerke-90","15":"first","16":"instock","17":"taxable","18":"shipping-taxable","19":"purchasable","20":"product-type-simple"},"acf":[],"_links":{"self":[{"href":"https:\/\/poppers-online.ch\/fr\/wp-json\/wp\/v2\/product\/103055","targetHints":{"allow":["GET"]}}],"collection":[{"href":"https:\/\/poppers-online.ch\/fr\/wp-json\/wp\/v2\/product"}],"about":[{"href":"https:\/\/poppers-online.ch\/fr\/wp-json\/wp\/v2\/types\/product"}],"replies":[{"embeddable":true,"href":"https:\/\/poppers-online.ch\/fr\/wp-json\/wp\/v2\/comments?post=103055"}],"wp:featuredmedia":[{"embeddable":true,"href":"https:\/\/poppers-online.ch\/fr\/wp-json\/wp\/v2\/media\/103052"}],"wp:attachment":[{"href":"https:\/\/poppers-online.ch\/fr\/wp-json\/wp\/v2\/media?parent=103055"}],"wp:term":[{"taxonomy":"product_brand","embeddable":true,"href":"https:\/\/poppers-online.ch\/fr\/wp-json\/wp\/v2\/product_brand?post=103055"},{"taxonomy":"product_cat","embeddable":true,"href":"https:\/\/poppers-online.ch\/fr\/wp-json\/wp\/v2\/product_cat?post=103055"},{"taxonomy":"product_tag","embeddable":true,"href":"https:\/\/poppers-online.ch\/fr\/wp-json\/wp\/v2\/product_tag?post=103055"}],"curies":[{"name":"wp","href":"https:\/\/api.w.org\/{rel}","templated":true}]}}