{"id":103042,"date":"2024-10-11T20:29:29","date_gmt":"2024-10-11T18:29:29","guid":{"rendered":"https:\/\/poppers-online.ch\/produkt\/twisted-beast-black-label-poppers-24ml\/"},"modified":"2024-10-21T17:08:15","modified_gmt":"2024-10-21T15:08:15","slug":"twisted-beast-black-label-poppers-24ml","status":"publish","type":"product","link":"https:\/\/poppers-online.ch\/fr\/produit\/twisted-beast-black-label-poppers-24ml\/","title":{"rendered":"Twisted Beast Black Label Poppers 24ml"},"content":{"rendered":"","protected":false},"excerpt":{"rendered":"<p><strong>Twisted Beast Black Label Poppers 24ml<\/strong> est le classique des poppers Twisted Beast \u00e0 la mode du Royaume-Uni et contient du pentyl\/isoamyl alcool nitrite.<\/p>\n<p>Twisted Beast est une marque de sexe gay hardcore embl\u00e9matique du Royaume-Uni. Les poppers de Twisted Beast font partie des poppers les plus extr\u00eames disponibles au Royaume-Uni. Plus besoin d&rsquo;aller \u00e0 SOHO pour acheter les poppers embl\u00e9matiques de Twisted Beast.  <\/p>\n<p>Avec Twisted Beast Black Label Poppers 24ml, montrez \u00e0 quel point vous pouvez \u00eatre d\u00e9rang\u00e9 et que tout fantasme sale peut \u00eatre r\u00e9alis\u00e9 dans votre t\u00eate.<\/p>\n","protected":false},"featured_media":103035,"comment_status":"open","ping_status":"closed","template":"","meta":{"_acf_changed":false,"iawp_total_views":14,"_glsr_average":0,"_glsr_ranking":0,"_glsr_reviews":0},"product_brand":[],"product_cat":[1046,77],"product_tag":[],"class_list":{"0":"post-103042","1":"product","2":"type-product","3":"status-publish","4":"has-post-thumbnail","6":"product_cat-poppers","7":"product_cat-grands-flacons","8":"pa_flaschenform-ovale","9":"pa_gewindegroesse-small","10":"pa_inhalt-24ml","11":"pa_inhaltsstoffe-nitrite-dalcool-isoamylique","12":"pa_marke-twisted-beast","13":"pa_staerke-91","15":"first","16":"instock","17":"taxable","18":"shipping-taxable","19":"purchasable","20":"product-type-simple"},"acf":[],"_links":{"self":[{"href":"https:\/\/poppers-online.ch\/fr\/wp-json\/wp\/v2\/product\/103042","targetHints":{"allow":["GET"]}}],"collection":[{"href":"https:\/\/poppers-online.ch\/fr\/wp-json\/wp\/v2\/product"}],"about":[{"href":"https:\/\/poppers-online.ch\/fr\/wp-json\/wp\/v2\/types\/product"}],"replies":[{"embeddable":true,"href":"https:\/\/poppers-online.ch\/fr\/wp-json\/wp\/v2\/comments?post=103042"}],"wp:featuredmedia":[{"embeddable":true,"href":"https:\/\/poppers-online.ch\/fr\/wp-json\/wp\/v2\/media\/103035"}],"wp:attachment":[{"href":"https:\/\/poppers-online.ch\/fr\/wp-json\/wp\/v2\/media?parent=103042"}],"wp:term":[{"taxonomy":"product_brand","embeddable":true,"href":"https:\/\/poppers-online.ch\/fr\/wp-json\/wp\/v2\/product_brand?post=103042"},{"taxonomy":"product_cat","embeddable":true,"href":"https:\/\/poppers-online.ch\/fr\/wp-json\/wp\/v2\/product_cat?post=103042"},{"taxonomy":"product_tag","embeddable":true,"href":"https:\/\/poppers-online.ch\/fr\/wp-json\/wp\/v2\/product_tag?post=103042"}],"curies":[{"name":"wp","href":"https:\/\/api.w.org\/{rel}","templated":true}]}}