{"id":101835,"date":"2024-09-24T16:43:44","date_gmt":"2024-09-24T14:43:44","guid":{"rendered":"https:\/\/poppers-online.ch\/produkt\/masque-en-caoutchouc-xtrm-monster-red\/"},"modified":"2025-11-29T02:05:59","modified_gmt":"2025-11-29T01:05:59","slug":"masque-en-caoutchouc-xtrm-monster-red","status":"publish","type":"product","link":"https:\/\/poppers-online.ch\/fr\/produit\/masque-en-caoutchouc-xtrm-monster-red\/","title":{"rendered":"Masque en caoutchouc XTRM Monster Red"},"content":{"rendered":"","protected":false},"excerpt":{"rendered":"<p>Le <strong>masque en caoutchouc XTRM Monster Red<\/strong> est une tenue styl\u00e9e pour tous les fans de caoutchouc et de BDSM. XTRM a r\u00e9ussi \u00e0 faire de ce masque un v\u00e9ritable accroche-regard. Les cernes rouges et l&#8217;embout rouge sur le filetage du tuyau symbolisent votre f\u00e9tichisme et conf\u00e8rent au masque en caoutchouc un style exclusif. Les sangles \u00e0 l&rsquo;arri\u00e8re peuvent \u00eatre facilement ajust\u00e9es \u00e0 n&rsquo;importe quelle taille de t\u00eate afin que le masque s&rsquo;adapte parfaitement \u00e0 votre t\u00eate. Comme accessoires, vous pouvez acheter dans notre boutique, entre autres, un tuyau, un filtre ou un contr\u00f4leur esclave. Ainsi, vous pouvez redessiner le masque en caoutchouc Monster RED de XTRM avec diff\u00e9rentes variantes de jeu. Le masque en caoutchouc XTRM donne vie \u00e0 vos fantasmes f\u00e9tichistes. Id\u00e9al pour tous les amateurs de f\u00e9tichisme du caoutchouc et de jeux de contr\u00f4le de la respiration, le MONSTER RED XTRM Rubber Mask offre une possibilit\u00e9 exclusive d&rsquo;assouvir vos d\u00e9sirs les plus fous. Que ce soit pour le f\u00e9tichisme du caoutchouc ou les jeux de contr\u00f4le de la respiration, ce masque est votre compagnon id\u00e9al. Les accessoires peuvent \u00eatre command\u00e9s comme article s\u00e9par\u00e9 dans notre boutique.         <\/p>\n","protected":false},"featured_media":101819,"comment_status":"open","ping_status":"closed","template":"","meta":{"_acf_changed":false,"iawp_total_views":31,"_glsr_average":0,"_glsr_ranking":0,"_glsr_reviews":0},"product_brand":[],"product_cat":[149],"product_tag":[],"class_list":{"0":"post-101835","1":"product","2":"type-product","3":"status-publish","4":"has-post-thumbnail","6":"product_cat-accessoires-poppers","8":"first","9":"instock","10":"taxable","11":"shipping-taxable","12":"purchasable","13":"product-type-simple"},"acf":[],"_links":{"self":[{"href":"https:\/\/poppers-online.ch\/fr\/wp-json\/wp\/v2\/product\/101835","targetHints":{"allow":["GET"]}}],"collection":[{"href":"https:\/\/poppers-online.ch\/fr\/wp-json\/wp\/v2\/product"}],"about":[{"href":"https:\/\/poppers-online.ch\/fr\/wp-json\/wp\/v2\/types\/product"}],"replies":[{"embeddable":true,"href":"https:\/\/poppers-online.ch\/fr\/wp-json\/wp\/v2\/comments?post=101835"}],"wp:featuredmedia":[{"embeddable":true,"href":"https:\/\/poppers-online.ch\/fr\/wp-json\/wp\/v2\/media\/101819"}],"wp:attachment":[{"href":"https:\/\/poppers-online.ch\/fr\/wp-json\/wp\/v2\/media?parent=101835"}],"wp:term":[{"taxonomy":"product_brand","embeddable":true,"href":"https:\/\/poppers-online.ch\/fr\/wp-json\/wp\/v2\/product_brand?post=101835"},{"taxonomy":"product_cat","embeddable":true,"href":"https:\/\/poppers-online.ch\/fr\/wp-json\/wp\/v2\/product_cat?post=101835"},{"taxonomy":"product_tag","embeddable":true,"href":"https:\/\/poppers-online.ch\/fr\/wp-json\/wp\/v2\/product_tag?post=101835"}],"curies":[{"name":"wp","href":"https:\/\/api.w.org\/{rel}","templated":true}]}}