{"id":101813,"date":"2024-09-24T15:58:19","date_gmt":"2024-09-24T13:58:19","guid":{"rendered":"https:\/\/poppers-online.ch\/produkt\/hit-hold-release-livre-de-poche-a-gay-adult-poppers-fantasy-edition-francaise-3\/"},"modified":"2024-10-24T14:16:51","modified_gmt":"2024-10-24T12:16:51","slug":"hit-hold-release-livre-de-poche-a-gay-adult-poppers-fantasy-edition-allemande-3","status":"publish","type":"product","link":"https:\/\/poppers-online.ch\/fr\/produit\/hit-hold-release-livre-de-poche-a-gay-adult-poppers-fantasy-edition-allemande-3\/","title":{"rendered":"Hit Hold Release &#8211; Livre de poche &#8211; A Gay Adult Poppers Fantasy &#8211; \u00c9dition fran\u00e7aise 3"},"content":{"rendered":"","protected":false},"excerpt":{"rendered":"<p><strong>Hit Hold Release &#8211; Livre de poche &#8211; A Gay Adult Poppers Fantasy &#8211; \u00c9dition fran\u00e7aise 3<\/strong><\/p>\n<p>L&rsquo;\u00e9dition 3 du premier livre porno gay-poppers au monde \u00ab\u00a0HIT HOLD RELEASE\u00a0\u00bb est enfin disponible ! Un livre plein d&rsquo;histoires de poppers que Tim Willems a v\u00e9cues et qu&rsquo;il a \u00e9crites pour ses fans. Il y d\u00e9crit ses exp\u00e9riences de mani\u00e8re honn\u00eate, pleine d&rsquo;humour et de passion, et donne \u00e0 nouveau la parole \u00e0 ses amis poppers d&rsquo;autres pays pour qu&rsquo;ils racontent leurs exp\u00e9riences ou leurs fantasmes avec les poppers.<br \/>\nApr\u00e8s un vote sur Internet, le th\u00e8me de la formation populaire sur les poppers dans ce livre est \u00ab\u00a0p\u00e8re\/fils\u00a0\u00bb. Tim vous fera certainement vibrer avec ses descriptions d\u00e9taill\u00e9es des diff\u00e9rentes sc\u00e8nes. Ses instructions sont tr\u00e8s faciles \u00e0 suivre, car \u00e0 chaque s\u00e9quence, la taille des caract\u00e8res augmente parall\u00e8lement \u00e0 la quantit\u00e9 de poppers inhal\u00e9e.<br \/>\nUne chose tr\u00e8s sp\u00e9ciale se trouve au milieu du livre. L&rsquo;ami et pote poppers de Tim, @Blowdiver, connu dans le milieu pour ses d\u00e9fis de board game, de cube et de sniff sur Skype, a cr\u00e9\u00e9 sp\u00e9cialement pour cette \u00e9dition du livre un jeu qui peut \u00eatre jou\u00e9 de mani\u00e8re dure et excitante, du d\u00e9butant au professionnel : \u00ab\u00a0POPPERS ISLAND\u00a0\u00bb<br \/>\nAlors, vous avez des fourmis dans les doigts, votre queue tressaille d\u00e9j\u00e0 d&rsquo;impatience ? Alors, prenez votre poppers, amusez-vous avec les histoires et suivez les instructions. C&rsquo;est parti.<br \/>\nHIT !<br \/>\nHOLD !<br \/>\nRELEASE !<\/p>\n","protected":false},"featured_media":101804,"comment_status":"open","ping_status":"closed","template":"","meta":{"_acf_changed":false,"iawp_total_views":7,"_glsr_average":0,"_glsr_ranking":0,"_glsr_reviews":0},"product_brand":[],"product_cat":[149],"product_tag":[],"class_list":{"0":"post-101813","1":"product","2":"type-product","3":"status-publish","4":"has-post-thumbnail","6":"product_cat-accessoires-poppers","8":"first","9":"instock","10":"sale","11":"taxable","12":"shipping-taxable","13":"purchasable","14":"product-type-simple"},"acf":[],"_links":{"self":[{"href":"https:\/\/poppers-online.ch\/fr\/wp-json\/wp\/v2\/product\/101813","targetHints":{"allow":["GET"]}}],"collection":[{"href":"https:\/\/poppers-online.ch\/fr\/wp-json\/wp\/v2\/product"}],"about":[{"href":"https:\/\/poppers-online.ch\/fr\/wp-json\/wp\/v2\/types\/product"}],"replies":[{"embeddable":true,"href":"https:\/\/poppers-online.ch\/fr\/wp-json\/wp\/v2\/comments?post=101813"}],"wp:featuredmedia":[{"embeddable":true,"href":"https:\/\/poppers-online.ch\/fr\/wp-json\/wp\/v2\/media\/101804"}],"wp:attachment":[{"href":"https:\/\/poppers-online.ch\/fr\/wp-json\/wp\/v2\/media?parent=101813"}],"wp:term":[{"taxonomy":"product_brand","embeddable":true,"href":"https:\/\/poppers-online.ch\/fr\/wp-json\/wp\/v2\/product_brand?post=101813"},{"taxonomy":"product_cat","embeddable":true,"href":"https:\/\/poppers-online.ch\/fr\/wp-json\/wp\/v2\/product_cat?post=101813"},{"taxonomy":"product_tag","embeddable":true,"href":"https:\/\/poppers-online.ch\/fr\/wp-json\/wp\/v2\/product_tag?post=101813"}],"curies":[{"name":"wp","href":"https:\/\/api.w.org\/{rel}","templated":true}]}}