{"id":101810,"date":"2024-09-24T15:43:02","date_gmt":"2024-09-24T13:43:02","guid":{"rendered":"https:\/\/poppers-online.ch\/produkt\/hit-hold-release-livre-de-poche-a-gay-adult-poppers-fantasy-edition-anglaise-3\/"},"modified":"2024-10-24T14:21:04","modified_gmt":"2024-10-24T12:21:04","slug":"hit-hold-release-livre-de-poche-a-gay-adult-poppers-fantasy-edition-anglaise-3","status":"publish","type":"product","link":"https:\/\/poppers-online.ch\/fr\/produit\/hit-hold-release-livre-de-poche-a-gay-adult-poppers-fantasy-edition-anglaise-3\/","title":{"rendered":"Hit Hold Release &#8211; Livre de poche &#8211; A Gay Adult Poppers Fantasy &#8211; \u00c9dition anglaise 3"},"content":{"rendered":"","protected":false},"excerpt":{"rendered":"<p><strong>Hit Hold Release &#8211; Livre de poche &#8211; A Gay Adult Poppers Fantasy &#8211; \u00c9dition anglaise 3<\/strong><\/p>\n<p>L&rsquo;\u00e9dition 3 du premier livre porno gay poppers au monde, \u00ab\u00a0HIT HOLD RELEASE\u00a0\u00bb, est enfin disponible !<\/p>\n<p>Un livre plein d&rsquo;histoires de poppers que Tim Willems a v\u00e9cues et qu&rsquo;il a \u00e9crites pour ses fans.<br \/>\nIl d\u00e9crit ses exp\u00e9riences de mani\u00e8re honn\u00eate, forte et excitante, et donne \u00e0 nouveau la parole \u00e0 ses amis poppers d&rsquo;autres pays pour qu&rsquo;ils racontent leurs exp\u00e9riences ou leurs fantasmes avec les poppers. <\/p>\n<p>Suite \u00e0 un vote sur Internet, le th\u00e8me de la c\u00e9l\u00e8bre formation Popper de ce livre est \u00ab\u00a0p\u00e8re\/fils\u00a0\u00bb.<br \/>\nTim vous fait vibrer \u00e0 coup s\u00fbr avec ses descriptions d\u00e9taill\u00e9es des diff\u00e9rentes sc\u00e8nes.<br \/>\nSes instructions sont tr\u00e8s faciles \u00e0 suivre car, \u00e0 chaque s\u00e9quence, la taille des caract\u00e8res augmente parall\u00e8lement \u00e0 la quantit\u00e9 de poppers inhal\u00e9e.  <\/p>\n<p>Quelque chose de tr\u00e8s sp\u00e9cial se trouve au milieu du livre.<br \/>\nL&rsquo;ami et pote poppeur de Tim, @Blowdiver, connu dans le milieu pour ses d\u00e9fis de board game, cube et sniff sur Skype, a cr\u00e9\u00e9 sp\u00e9cialement pour cette \u00e9dition du livre un jeu qui est dur et g\u00e9nial et qui peut \u00eatre jou\u00e9 par des d\u00e9butants ou des professionnels : \u00ab\u00a0POPPERS ISLAND\u00a0\u00bb. <\/p>\n<p>Alors, vous avez des fourmis dans les doigts, votre queue fr\u00e9mit d\u00e9j\u00e0 d&rsquo;impatience ?<br \/>\nAlors, prenez votre poppers, amusez-vous avec les histoires et suivez les instructions. <\/p>\n<p>C&rsquo;est parti !<\/p>\n<p>HIT !<\/p>\n<p>HOLD !<\/p>\n<p>RELEASE !<\/p>\n","protected":false},"featured_media":101798,"comment_status":"open","ping_status":"closed","template":"","meta":{"_acf_changed":false,"iawp_total_views":1,"_glsr_average":0,"_glsr_ranking":0,"_glsr_reviews":0},"product_brand":[],"product_cat":[149],"product_tag":[],"class_list":{"0":"post-101810","1":"product","2":"type-product","3":"status-publish","4":"has-post-thumbnail","6":"product_cat-accessoires-poppers","8":"first","9":"instock","10":"taxable","11":"shipping-taxable","12":"purchasable","13":"product-type-simple"},"acf":[],"_links":{"self":[{"href":"https:\/\/poppers-online.ch\/fr\/wp-json\/wp\/v2\/product\/101810","targetHints":{"allow":["GET"]}}],"collection":[{"href":"https:\/\/poppers-online.ch\/fr\/wp-json\/wp\/v2\/product"}],"about":[{"href":"https:\/\/poppers-online.ch\/fr\/wp-json\/wp\/v2\/types\/product"}],"replies":[{"embeddable":true,"href":"https:\/\/poppers-online.ch\/fr\/wp-json\/wp\/v2\/comments?post=101810"}],"wp:featuredmedia":[{"embeddable":true,"href":"https:\/\/poppers-online.ch\/fr\/wp-json\/wp\/v2\/media\/101798"}],"wp:attachment":[{"href":"https:\/\/poppers-online.ch\/fr\/wp-json\/wp\/v2\/media?parent=101810"}],"wp:term":[{"taxonomy":"product_brand","embeddable":true,"href":"https:\/\/poppers-online.ch\/fr\/wp-json\/wp\/v2\/product_brand?post=101810"},{"taxonomy":"product_cat","embeddable":true,"href":"https:\/\/poppers-online.ch\/fr\/wp-json\/wp\/v2\/product_cat?post=101810"},{"taxonomy":"product_tag","embeddable":true,"href":"https:\/\/poppers-online.ch\/fr\/wp-json\/wp\/v2\/product_tag?post=101810"}],"curies":[{"name":"wp","href":"https:\/\/api.w.org\/{rel}","templated":true}]}}