{"id":101793,"date":"2024-09-24T15:17:37","date_gmt":"2024-09-24T13:27:29","guid":{"rendered":"https:\/\/poppers-online.ch\/produkt\/poppers-booster-cap-xtrm-double-xs-black-leak-proof-for-double-scorpio-15ml\/"},"modified":"2025-04-11T18:45:58","modified_gmt":"2025-04-11T16:45:58","slug":"poppers-booster-cap-xtrm-double-xs-black-leak-proof-for-double-scorpio-15ml","status":"publish","type":"product","link":"https:\/\/poppers-online.ch\/fr\/produit\/poppers-booster-cap-xtrm-double-xs-black-leak-proof-for-double-scorpio-15ml\/","title":{"rendered":"Poppers Booster Cap XTRM Double XS Black LEAK PROOF for Double Scorpio 15ml"},"content":{"rendered":"","protected":false},"excerpt":{"rendered":"<p><strong>Poppers Booster Cap XTRM Double XS Black LEAK PROOF for Double Scorpio 15ml.<\/strong>  Si le sniff de poppers est imm\u00e9diatement suivi d&rsquo;une agitation, il peut arriver que la bouteille de poppers soit renvers\u00e9e et qu&rsquo;elle ait fui. L&rsquo;\u00e9quipe XTRM a d\u00e9velopp\u00e9 \u00e0 cet effet une ing\u00e9nieuse casquette Poppers Booster XTRM Double Small Black LEAK PROOF anti-fuite et facile d&rsquo;utilisation avec bouton-pression.  Tu visses le sniffer anti-fuite sur le flacon comme d&rsquo;habitude. Ce n&rsquo;est que lorsque tu appuies sur le bouton-poussoir situ\u00e9 sur le c\u00f4t\u00e9 du couvercle que le poppers s&rsquo;\u00e9coule de le flacon par le canal de kick. Lorsque tu rel\u00e2ches le bouton-poussoir, le sniffer est \u00e0 nouveau \u00e9tanche \u00e0 100% et le poppers reste dans le flacon, m\u00eame si celle-ci se renverse parce qu&rsquo;elle est en train de chauffer.<\/p>\n<p>Ce nouveau syst\u00e8me de fermeture avec bouton-poussoir est fabriqu\u00e9 en Autriche avec beaucoup d&rsquo;engagement. Le Double XS Black LEAK PROOF Booster Cap s&rsquo;adapte \u00e0 tous les flacons de 15ml de Double Scorpio et \u00e0 tous les flacons d&rsquo;aluminium de 10ml de Royal Hexagon.  D\u00e9couvre le frisson et le confort suppl\u00e9mentaires en tirant des poppers. Plus jamais de bouteilles de Poppers renvers\u00e9es, gr\u00e2ce \u00e0 la capsule anti-fuite Poppers Booster LEAK PROOF. Conseil d&rsquo;utilisation : pour d\u00e9visser, tenez le LEAK PROOF par le bas, vissez avec pr\u00e9caution et ne serrez pas trop le filetage.<\/p>\n","protected":false},"featured_media":101789,"comment_status":"open","ping_status":"closed","template":"","meta":{"_acf_changed":false,"iawp_total_views":20,"_glsr_average":0,"_glsr_ranking":0,"_glsr_reviews":0},"product_brand":[],"product_cat":[149,1303],"product_tag":[],"class_list":{"0":"post-101793","1":"product","2":"type-product","3":"status-publish","4":"has-post-thumbnail","6":"product_cat-accessoires-poppers","7":"product_cat-booster-caps","9":"first","10":"instock","11":"taxable","12":"shipping-taxable","13":"purchasable","14":"product-type-simple"},"acf":[],"_links":{"self":[{"href":"https:\/\/poppers-online.ch\/fr\/wp-json\/wp\/v2\/product\/101793","targetHints":{"allow":["GET"]}}],"collection":[{"href":"https:\/\/poppers-online.ch\/fr\/wp-json\/wp\/v2\/product"}],"about":[{"href":"https:\/\/poppers-online.ch\/fr\/wp-json\/wp\/v2\/types\/product"}],"replies":[{"embeddable":true,"href":"https:\/\/poppers-online.ch\/fr\/wp-json\/wp\/v2\/comments?post=101793"}],"wp:featuredmedia":[{"embeddable":true,"href":"https:\/\/poppers-online.ch\/fr\/wp-json\/wp\/v2\/media\/101789"}],"wp:attachment":[{"href":"https:\/\/poppers-online.ch\/fr\/wp-json\/wp\/v2\/media?parent=101793"}],"wp:term":[{"taxonomy":"product_brand","embeddable":true,"href":"https:\/\/poppers-online.ch\/fr\/wp-json\/wp\/v2\/product_brand?post=101793"},{"taxonomy":"product_cat","embeddable":true,"href":"https:\/\/poppers-online.ch\/fr\/wp-json\/wp\/v2\/product_cat?post=101793"},{"taxonomy":"product_tag","embeddable":true,"href":"https:\/\/poppers-online.ch\/fr\/wp-json\/wp\/v2\/product_tag?post=101793"}],"curies":[{"name":"wp","href":"https:\/\/api.w.org\/{rel}","templated":true}]}}