{"id":101576,"date":"2024-09-21T11:54:27","date_gmt":"2024-09-21T09:55:47","guid":{"rendered":"https:\/\/poppers-online.ch\/produkt\/iron-fist-poppers-ultra-strong-10ml\/"},"modified":"2025-03-10T11:11:18","modified_gmt":"2025-03-10T10:11:18","slug":"iron-fist-poppers-ultra-strong-10ml","status":"publish","type":"product","link":"https:\/\/poppers-online.ch\/fr\/produit\/iron-fist-poppers-ultra-strong-10ml\/","title":{"rendered":"Iron Fist Poppers Ultra Strong 10ml"},"content":{"rendered":"","protected":false},"excerpt":{"rendered":"<p>L&rsquo;<strong>Iron Fist Poppers Ultra Strong 10ml<\/strong> est encore plus fort que l&rsquo;Iron Fist Black Label et repousse toutes les limites de ce que vous pensiez possible jusqu&rsquo;\u00e0 pr\u00e9sent. Il contient un nouvel ingr\u00e9dient, le n-pentanol, qui rend le nitrite encore plus fort et plus durable. La bouteille en aluminium indestructible prot\u00e8ge le poppers dans toutes les situations. Ce puissant poppers Ultra Strong Fist est destin\u00e9 \u00e0 tous les experts intr\u00e9pides et aux amateurs de jeux FF et de sessions difficiles. Une fois ouvert, Iron Fist Ultra Strong fait de vous un animal sans inhibition qui tressaille apr\u00e8s les grosses bites, les poings et les jouets. Son format de poche pratique, dans une bouteille en aluminium styl\u00e9e, l\u00e9g\u00e8re et indestructible, se glisse dans une poche de pantalon et vous ravira vous aussi.     <\/p>\n","protected":false},"featured_media":101567,"comment_status":"open","ping_status":"closed","template":"","meta":{"_acf_changed":false,"iawp_total_views":74,"_glsr_average":0,"_glsr_ranking":0,"_glsr_reviews":0},"product_brand":[],"product_cat":[1046,78],"product_tag":[],"class_list":{"0":"post-101576","1":"product","2":"type-product","3":"status-publish","4":"has-post-thumbnail","6":"product_cat-poppers","7":"product_cat-petits-flacons","8":"pa_flaschenform-rond-petit","9":"pa_gewindegroesse-small","10":"pa_inhalt-10ml","11":"pa_inhaltsstoffe-nitrite-de-n-pentanol","12":"pa_marke-fist-poppers","13":"pa_staerke-91","15":"first","16":"instock","17":"taxable","18":"shipping-taxable","19":"purchasable","20":"product-type-simple"},"acf":[],"_links":{"self":[{"href":"https:\/\/poppers-online.ch\/fr\/wp-json\/wp\/v2\/product\/101576","targetHints":{"allow":["GET"]}}],"collection":[{"href":"https:\/\/poppers-online.ch\/fr\/wp-json\/wp\/v2\/product"}],"about":[{"href":"https:\/\/poppers-online.ch\/fr\/wp-json\/wp\/v2\/types\/product"}],"replies":[{"embeddable":true,"href":"https:\/\/poppers-online.ch\/fr\/wp-json\/wp\/v2\/comments?post=101576"}],"wp:featuredmedia":[{"embeddable":true,"href":"https:\/\/poppers-online.ch\/fr\/wp-json\/wp\/v2\/media\/101567"}],"wp:attachment":[{"href":"https:\/\/poppers-online.ch\/fr\/wp-json\/wp\/v2\/media?parent=101576"}],"wp:term":[{"taxonomy":"product_brand","embeddable":true,"href":"https:\/\/poppers-online.ch\/fr\/wp-json\/wp\/v2\/product_brand?post=101576"},{"taxonomy":"product_cat","embeddable":true,"href":"https:\/\/poppers-online.ch\/fr\/wp-json\/wp\/v2\/product_cat?post=101576"},{"taxonomy":"product_tag","embeddable":true,"href":"https:\/\/poppers-online.ch\/fr\/wp-json\/wp\/v2\/product_tag?post=101576"}],"curies":[{"name":"wp","href":"https:\/\/api.w.org\/{rel}","templated":true}]}}