{"id":46071,"date":"2023-01-20T15:41:30","date_gmt":"2023-01-20T14:41:30","guid":{"rendered":"https:\/\/poppers-online.ch\/poppers-neuheiten-im-januar-2023\/"},"modified":"2023-08-17T12:12:11","modified_gmt":"2023-08-17T10:12:11","slug":"nouveautes-poppers-en-aout-2023","status":"publish","type":"page","link":"https:\/\/poppers-online.ch\/fr\/nouveautes-poppers-en-aout-2023\/","title":{"rendered":"Nouveaut\u00e9s Poppers en ao\u00fbt 2023"},"content":{"rendered":"\t\t<div data-elementor-type=\"wp-page\" data-elementor-id=\"46071\" class=\"elementor elementor-46071 elementor-46042\" data-elementor-post-type=\"page\">\n\t\t\t\t\t\t<section class=\"elementor-section elementor-top-section elementor-element elementor-element-7bf5712 elementor-section-boxed elementor-section-height-default elementor-section-height-default\" data-id=\"7bf5712\" data-element_type=\"section\" data-e-type=\"section\">\n\t\t\t\t\t\t<div class=\"elementor-container elementor-column-gap-default\">\n\t\t\t\t\t<div class=\"elementor-column elementor-col-100 elementor-top-column elementor-element elementor-element-9dfacd2\" data-id=\"9dfacd2\" data-element_type=\"column\" data-e-type=\"column\">\n\t\t\t<div class=\"elementor-widget-wrap elementor-element-populated\">\n\t\t\t\t\t\t<div class=\"elementor-element elementor-element-eb96961 elementor-grid-tablet-2 elementor-grid-mobile-1 elementor-grid-4 elementor-products-grid elementor-wc-products elementor-widget elementor-widget-woocommerce-products\" data-id=\"eb96961\" data-element_type=\"widget\" data-e-type=\"widget\" data-widget_type=\"woocommerce-products.default\">\n\t\t\t\t<div class=\"elementor-widget-container\">\n\t\t\t\t\t<div class=\"woocommerce columns-4 \"><ul class=\"products elementor-grid columns-4\">\n<li class=\"product type-product post-57112 status-publish first instock product_cat-accessoires-poppers product_cat-booster-caps product_tag-poppers-booster-cap-xtrm-double-small-blue-leak-proof-fr has-post-thumbnail taxable shipping-taxable purchasable product-type-simple\">\n\t<a href=\"https:\/\/poppers-online.ch\/fr\/produit\/poppers-booster-cap-xtrm-double-small-blue-leak-proof\/\" class=\"woocommerce-LoopProduct-link woocommerce-loop-product__link\"><img fetchpriority=\"high\" decoding=\"async\" width=\"450\" height=\"450\" src=\"https:\/\/poppers-online.ch\/wp-content\/uploads\/XTRM-Leak-Proof-Blau-450x450.jpg\" class=\"attachment-woocommerce_thumbnail size-woocommerce_thumbnail\" alt=\"XTRM Leakproof Kristallblau\" srcset=\"https:\/\/poppers-online.ch\/wp-content\/uploads\/XTRM-Leak-Proof-Blau-450x450.jpg 450w, https:\/\/poppers-online.ch\/wp-content\/uploads\/XTRM-Leak-Proof-Blau-100x100.jpg 100w, https:\/\/poppers-online.ch\/wp-content\/uploads\/XTRM-Leak-Proof-Blau-150x150.jpg 150w, https:\/\/poppers-online.ch\/wp-content\/uploads\/XTRM-Leak-Proof-Blau-135x135.jpg 135w\" sizes=\"(max-width: 450px) 100vw, 450px\" \/>\n        \n        \n        \n        <h3 class=\"woocommerce-loop-product__title\">Poppers Booster Cap XTRM Double Small Blue LEAK PROOF<\/h3><div class=\"star-rating\" role=\"img\" aria-label=\"Note 5.00 sur 5\"><span style=\"width:100%\">Note <strong class=\"rating\">5.00<\/strong> sur 5<\/span><\/div>\n\t<span class=\"price\"><span class=\"woocommerce-Price-amount amount\"><bdi><span class=\"woocommerce-Price-currencySymbol\">&#67;&#72;&#70;<\/span>&nbsp;44.90<\/bdi><\/span><\/span>\n        <div class=\"stock-status-archive-item\">\n            \n        <div class=\"stock-status-container instock\">\n            <div class=\"stock-status-sign\"><\/div>\n            <div class=\"stock-status-label\">\n                Imm\u00e9diatement disponibles en stock            <\/div>\n        <\/div>\n\n                <\/div>\n        <\/a><a href=\"\/fr\/wp-json\/wp\/v2\/pages\/46071?add-to-cart=57112\" aria-describedby=\"woocommerce_loop_add_to_cart_link_describedby_57112\" data-quantity=\"1\" class=\"button product_type_simple add_to_cart_button ajax_add_to_cart\" data-product_id=\"57112\" data-product_sku=\"XTRM-LP-KB\" aria-label=\"Ajouter au panier\u00a0: &ldquo;Poppers Booster Cap XTRM Double Small Blue LEAK PROOF&rdquo;\" rel=\"nofollow\" data-success_message=\"\u00ab\u00a0Poppers Booster Cap XTRM Double Small Blue LEAK PROOF\u00a0\u00bb a \u00e9t\u00e9 ajout\u00e9 \u00e0 votre panier\" role=\"button\">Ajouter au panier<\/a>\t<span id=\"woocommerce_loop_add_to_cart_link_describedby_57112\" class=\"screen-reader-text\">\n\t\t\t<\/span>\n<\/li>\n<\/ul>\n<\/div>\t\t\t\t<\/div>\n\t\t\t\t<\/div>\n\t\t\t\t\t<\/div>\n\t\t<\/div>\n\t\t\t\t\t<\/div>\n\t\t<\/section>\n\t\t\t\t<\/div>\n\t\t","protected":false},"excerpt":{"rendered":"","protected":false},"author":4076,"featured_media":0,"parent":0,"menu_order":0,"comment_status":"closed","ping_status":"closed","template":"","meta":{"_acf_changed":false,"iawp_total_views":1,"_glsr_average":0,"_glsr_ranking":0,"_glsr_reviews":0,"footnotes":""},"class_list":["post-46071","page","type-page","status-publish","hentry"],"acf":[],"_links":{"self":[{"href":"https:\/\/poppers-online.ch\/fr\/wp-json\/wp\/v2\/pages\/46071","targetHints":{"allow":["GET"]}}],"collection":[{"href":"https:\/\/poppers-online.ch\/fr\/wp-json\/wp\/v2\/pages"}],"about":[{"href":"https:\/\/poppers-online.ch\/fr\/wp-json\/wp\/v2\/types\/page"}],"author":[{"embeddable":true,"href":"https:\/\/poppers-online.ch\/fr\/wp-json\/wp\/v2\/users\/4076"}],"replies":[{"embeddable":true,"href":"https:\/\/poppers-online.ch\/fr\/wp-json\/wp\/v2\/comments?post=46071"}],"version-history":[{"count":0,"href":"https:\/\/poppers-online.ch\/fr\/wp-json\/wp\/v2\/pages\/46071\/revisions"}],"wp:attachment":[{"href":"https:\/\/poppers-online.ch\/fr\/wp-json\/wp\/v2\/media?parent=46071"}],"curies":[{"name":"wp","href":"https:\/\/api.w.org\/{rel}","templated":true}]}}