{"id":2527,"date":"2021-09-17T18:36:20","date_gmt":"2021-09-17T16:36:20","guid":{"rendered":"https:\/\/poppers.novatask.biz\/intimite\/"},"modified":"2023-08-30T12:04:25","modified_gmt":"2023-08-30T10:04:25","slug":"protection-des-donnees","status":"publish","type":"page","link":"https:\/\/poppers-online.ch\/fr\/protection-des-donnees\/","title":{"rendered":"Protection des donn\u00e9es"},"content":{"rendered":"\t\t<div data-elementor-type=\"wp-page\" data-elementor-id=\"2527\" class=\"elementor elementor-2527 elementor-266\" data-elementor-post-type=\"page\">\n\t\t\t\t\t\t<section class=\"elementor-section elementor-top-section elementor-element elementor-element-d97c948 elementor-section-boxed elementor-section-height-default elementor-section-height-default\" data-id=\"d97c948\" data-element_type=\"section\" data-e-type=\"section\">\n\t\t\t\t\t\t<div class=\"elementor-container elementor-column-gap-default\">\n\t\t\t\t\t<div class=\"elementor-column elementor-col-100 elementor-top-column elementor-element elementor-element-e0e03f2\" data-id=\"e0e03f2\" data-element_type=\"column\" data-e-type=\"column\">\n\t\t\t<div class=\"elementor-widget-wrap elementor-element-populated\">\n\t\t\t\t\t\t<div class=\"elementor-element elementor-element-b755ad1 elementor-widget elementor-widget-heading\" data-id=\"b755ad1\" data-element_type=\"widget\" data-e-type=\"widget\" data-widget_type=\"heading.default\">\n\t\t\t\t<div class=\"elementor-widget-container\">\n\t\t\t\t\t<h1 class=\"elementor-heading-title elementor-size-default\">Protection des donn\u00e9es<\/h1>\t\t\t\t<\/div>\n\t\t\t\t<\/div>\n\t\t\t\t\t<\/div>\n\t\t<\/div>\n\t\t\t\t\t<\/div>\n\t\t<\/section>\n\t\t\t\t<section class=\"elementor-section elementor-top-section elementor-element elementor-element-866b82a elementor-section-boxed elementor-section-height-default elementor-section-height-default\" data-id=\"866b82a\" data-element_type=\"section\" data-e-type=\"section\">\n\t\t\t\t\t\t<div class=\"elementor-container elementor-column-gap-default\">\n\t\t\t\t\t<div class=\"elementor-column elementor-col-100 elementor-top-column elementor-element elementor-element-711b3a9\" data-id=\"711b3a9\" data-element_type=\"column\" data-e-type=\"column\">\n\t\t\t<div class=\"elementor-widget-wrap elementor-element-populated\">\n\t\t\t\t\t\t<div class=\"elementor-element elementor-element-b7dd365 elementor-widget elementor-widget-text-editor\" data-id=\"b7dd365\" data-element_type=\"widget\" data-e-type=\"widget\" data-widget_type=\"text-editor.default\">\n\t\t\t\t<div class=\"elementor-widget-container\">\n\t\t\t\t\t\t\t\t\t<p>La protection de votre vie priv\u00e9e et de vos donn\u00e9es est tr\u00e8s importante pour nous. Dans toutes les proc\u00e9dures de traitement des donn\u00e9es (par exemple, collecte, traitement et transmission), nous proc\u00e9dons conform\u00e9ment aux dispositions l\u00e9gales.<\/p>\n<p>Nous pouvons adapter notre d\u00e9claration de protection des donn\u00e9es \u00e0 tout moment en la publiant sur ce site Internet.<\/p>\n<p>Notre site Web est accessible en utilisant le cryptage de transport (SSL \/ TLS).<\/p>\n<p>Notre site Web peut g\u00e9n\u00e9ralement \u00eatre utilis\u00e9 sans fournir de donn\u00e9es personnelles. Toutefois, si vous souhaitez utiliser des services via notre site Web, il peut \u00eatre n\u00e9cessaire de traiter des donn\u00e9es personnelles. Vos donn\u00e9es sont \u00e9galement collect\u00e9es lorsque vous nous les fournissez. Nous traitons les donn\u00e9es personnelles pour la dur\u00e9e n\u00e9cessaire \u00e0 la ou aux finalit\u00e9s respectives. Ces donn\u00e9es sont partiellement transmises \u00e0 des tiers conform\u00e9ment \u00e0 la pr\u00e9sente d\u00e9claration de protection des donn\u00e9es.<\/p>\n<p><strong>Traitement des donn\u00e9es personnelles <\/strong><\/p>\n<p>Les donn\u00e9es personnelles sont toutes les informations qui se rapportent \u00e0 une personne sp\u00e9cifique ou identifiable. Une personne concern\u00e9e est une personne au sujet de laquelle des donn\u00e9es personnelles sont trait\u00e9es. Le traitement comprend tout traitement de donn\u00e9es personnelles, quels que soient les moyens et proc\u00e9dures utilis\u00e9s, notamment le stockage, la divulgation, l&rsquo;obtention, la suppression, le stockage, la modification, la destruction et l&rsquo;utilisation des donn\u00e9es personnelles.<\/p>\n<p>Nous traitons les donn\u00e9es personnelles conform\u00e9ment \u00e0 la loi suisse sur la protection des donn\u00e9es. En outre, nous traitons &#8211; dans la mesure et dans la mesure o\u00f9 le RGPD est applicable &#8211; les donn\u00e9es personnelles conform\u00e9ment aux bases l\u00e9gales suivantes :<\/p>\n<ul>\n<li>6 par. 1 lit. a GDPR pour le traitement des donn\u00e9es personnelles avec le consentement de la personne concern\u00e9e.<\/li>\n<li>6 par. 1 lit. b GDPR pour le traitement des donn\u00e9es personnelles n\u00e9cessaires \u00e0 l&rsquo;ex\u00e9cution d&rsquo;un contrat avec la personne concern\u00e9e et \u00e0 la mise en \u0153uvre des mesures pr\u00e9contractuelles correspondantes.<\/li>\n<li>6 par. 1 lit. c GDPR pour le traitement n\u00e9cessaire des donn\u00e9es personnelles pour remplir une obligation l\u00e9gale \u00e0 laquelle nous sommes soumis conform\u00e9ment \u00e0 toute loi applicable de l&rsquo;UE ou conform\u00e9ment \u00e0 toute loi applicable d&rsquo;un pays dans lequel le GDPR est enti\u00e8rement ou partiellement applicable.<\/li>\n<li>6 par. 1 lit. d GDPR pour le traitement n\u00e9cessaire des donn\u00e9es personnelles afin de prot\u00e9ger les int\u00e9r\u00eats vitaux de la personne concern\u00e9e ou d&rsquo;une autre personne physique.<\/li>\n<li>6 par. 1 lit. f GDPR pour le traitement n\u00e9cessaire des donn\u00e9es personnelles afin de prot\u00e9ger nos int\u00e9r\u00eats l\u00e9gitimes ou ceux de tiers, \u00e0 condition que les libert\u00e9s et droits fondamentaux et les int\u00e9r\u00eats de la personne concern\u00e9e ne pr\u00e9valent pas. Les int\u00e9r\u00eats l\u00e9gitimes sont, en particulier, nos int\u00e9r\u00eats commerciaux \u00e0 pouvoir fournir notre site Web, la s\u00e9curit\u00e9 des informations, l&rsquo;ex\u00e9cution de nos propres droits l\u00e9gaux et le respect du droit suisse.<\/li>\n<\/ul>\n<p>Nous traitons les donn\u00e9es personnelles pour la dur\u00e9e n\u00e9cessaire \u00e0 la ou aux finalit\u00e9s respectives. Dans le cas d&rsquo;obligations de conservation \u00e0 plus long terme en raison d&rsquo;obligations l\u00e9gales et autres auxquelles nous sommes soumis, nous limitons le traitement en cons\u00e9quence.<\/p>\n<p><strong>Biscuits<\/strong><\/p>\n<p>Le site Web utilise des cookies. Les cookies ne causent aucun dommage \u00e0 votre ordinateur et ne contiennent pas de virus. Les cookies servent \u00e0 rendre notre offre plus conviviale, plus efficace et plus s\u00fbre. Les cookies sont de petits fichiers texte qui sont stock\u00e9s sur votre ordinateur et enregistr\u00e9s par votre navigateur.<\/p>\n<p>La plupart des cookies que nous utilisons sont des \u00ab cookies de session \u00bb. Ils sont automatiquement supprim\u00e9s apr\u00e8s votre visite. Les autres cookies restent stock\u00e9s sur votre appareil jusqu&rsquo;\u00e0 ce que vous les supprimiez. Ces cookies nous permettent de reconna\u00eetre votre navigateur lors de votre prochaine visite.<\/p>\n<p>Vous pouvez param\u00e9trer votre navigateur pour \u00eatre inform\u00e9 du param\u00e9trage des cookies et n&rsquo;autoriser les cookies que dans des cas individuels, exclure l&rsquo;acceptation des cookies dans certains cas ou en g\u00e9n\u00e9ral, et activer la suppression automatique des cookies lorsque vous fermez le navigateur. Si les cookies sont d\u00e9sactiv\u00e9s, la fonctionnalit\u00e9 de ce site Web peut \u00eatre restreinte.<\/p>\n<p><strong>Formulaires et newsletters <\/strong><\/p>\n<p>Sur notre site Web, des formulaires peuvent \u00eatre remplis et des newsletters peuvent \u00eatre souscrites. Nous stockons les informations que les visiteurs de notre site Web collectent eux-m\u00eames. De plus, nous pouvons enregistrer l&rsquo;adresse IP ainsi que l&rsquo;heure et la date pour lutter contre les abus tels que l&rsquo;usurpation d&rsquo;identit\u00e9 et le spam notamment.<\/p>\n<p>Vous pouvez vous d\u00e9sinscrire de la newsletter pour chaque e-mail de newsletter individuel. Les newsletters peuvent contenir des graphiques et \/ ou des liens Web qui enregistrent personnellement si une newsletter individuelle a \u00e9t\u00e9 ouverte dans une application de messagerie et sur quels liens Web ont \u00e9t\u00e9 cliqu\u00e9s. Ces graphiques et \/ ou liens Web enregistrent l&rsquo;utilisation des newsletters pour garantir la qualit\u00e9 et permettre des am\u00e9liorations de la newsletter.<\/p>\n<p><strong>Services tiers <\/strong><\/p>\n<p>La newsletter est envoy\u00e9e via \u00ab MailChimp \u00bb, une plateforme de distribution de newsletter du fournisseur am\u00e9ricain Rocket Science Group, LLC, 675 Ponce De Leon Ave NE #5000, Atlanta, GA 30308, USA.<\/p>\n<p>Les adresses e-mail des destinataires de notre newsletter, ainsi que leurs autres donn\u00e9es d\u00e9crites dans cet avis, sont stock\u00e9es sur les serveurs de MailChimp aux \u00c9tats-Unis. MailChimp utilise ces informations pour envoyer et \u00e9valuer la newsletter en notre nom. De plus, selon ses propres informations, MailChimp peut utiliser ces donn\u00e9es pour optimiser ou am\u00e9liorer ses propres services, par exemple pour l&rsquo;optimisation technique de l&rsquo;envoi et de la pr\u00e9sentation de la newsletter ou \u00e0 des fins \u00e9conomiques afin de d\u00e9terminer de quels pays proviennent les destinataires. Cependant, MailChimp n&rsquo;utilise pas les donn\u00e9es de nos destinataires de newsletter pour leur \u00e9crire lui-m\u00eame ou pour les transmettre \u00e0 des tiers.<\/p>\n<p>Nous faisons confiance \u00e0 la fiabilit\u00e9 et \u00e0 la s\u00e9curit\u00e9 informatique et des donn\u00e9es de MailChimp. MailChimp est sous l&rsquo;accord de protection des donn\u00e9es US-EU \/ US-Suisse \u00ab\u00a0<a href=\"https:\/\/www.privacyshield.gov\/participant?id=a2zt0000000TO6hAAG\" target=\"_blank\" rel=\"noopener\"> Bouclier de confidentialit\u00e9<\/a> \u00bbCertifi\u00e9 et s&rsquo;engage ainsi \u00e0 respecter les r\u00e9glementations suisse et europ\u00e9enne sur la protection des donn\u00e9es. De plus, avec MailChimp nous avons un \u00ab<a href=\"https:\/\/us1.admin.mailchimp.com\/account\/legal\/forms\/data-processing-agreement\" target=\"_blank\" rel=\"noopener\"> Accord de traitement des donn\u00e9es<\/a> \u00a0\u00bb ferm\u00e9. Il s&rsquo;agit d&rsquo;un contrat dans lequel MailChimp s&rsquo;engage \u00e0 prot\u00e9ger les donn\u00e9es de nos utilisateurs, \u00e0 les traiter pour notre compte conform\u00e9ment \u00e0 sa r\u00e9glementation sur la protection des donn\u00e9es et, notamment, \u00e0 ne pas les transmettre \u00e0 des tiers. Vous pouvez utiliser la politique de confidentialit\u00e9 de MailChimp<a href=\"http:\/\/mailchimp.com\/legal\/privacy\/\" target=\"_blank\" rel=\"noopener\"> vois ici<\/a> .<\/p>\n<p>Nous utilisons Google Fonts pour int\u00e9grer des polices Web. Google Analytics est utilis\u00e9 pour \u00e9valuer le comportement des utilisateurs. Les services de Google Inc. utiliser des cookies et les informations g\u00e9n\u00e9r\u00e9es par le cookie concernant votre utilisation de ce site Web sont g\u00e9n\u00e9ralement transf\u00e9r\u00e9es \u00e0 un serveur de Google aux \u00c9tats-Unis et y sont stock\u00e9es. Vous trouverez de plus amples informations dans la d\u00e9claration de protection des donn\u00e9es de Google.<\/p>\n<p>Si votre navigateur ne prend pas en charge les polices Web, une police standard de votre ordinateur sera affich\u00e9e \u00e0 la place.<\/p>\n<p>Le site Internet est h\u00e9berg\u00e9 chez Hostpoint AG sur des serveurs en Suisse. Le fournisseur du site Web collecte et stocke automatiquement des informations dans des fichiers journaux du serveur, que votre navigateur nous transmet automatiquement. Il s&rsquo;agit de l&rsquo;adresse IP, du type et de la version du navigateur, du syst\u00e8me d&rsquo;exploitation utilis\u00e9, de l&rsquo;URL de r\u00e9f\u00e9rence, du nom d&rsquo;h\u00f4te de l&rsquo;ordinateur acc\u00e9dant et de l&rsquo;heure de la demande du serveur.<\/p>\n<p>Ces donn\u00e9es ne peuvent pas \u00eatre directement attribu\u00e9es \u00e0 une personne en particulier.<\/p>\n<p><strong>Transmission des donn\u00e9es \u00e0 des tiers <\/strong><\/p>\n<p>Les donn\u00e9es ne seront transmises \u00e0 des tiers en dehors d&rsquo;Oxymoron AG que si cela est n\u00e9cessaire, si une disposition l\u00e9gale l&rsquo;exige, si vous avez donn\u00e9 votre accord ou si les sous-traitants mandat\u00e9s par nous ont convenu contractuellement de se conformer aux exigences du RGPD. Dans ces conditions, des prestataires externes peuvent \u00eatre destinataires de donn\u00e9es personnelles. Cela peut \u00eatre n\u00e9cessaire notamment lors du traitement du contrat (\u00e9galement en dehors du site Web), \u00e0 savoir le traitement de votre commande.<\/p>\n<p><strong>Droits des personnes concern\u00e9es <\/strong><\/p>\n<p>Les visiteurs de nos sites Web et les autres personnes au sujet desquelles nous traitons des donn\u00e9es personnelles peuvent demander gratuitement une confirmation pour savoir si nous traitons des donn\u00e9es personnelles et, le cas \u00e9ch\u00e9ant, des informations sur notre traitement de leurs donn\u00e9es personnelles, avoir le traitement de leurs donn\u00e9es personnelles restreint et leur droit \u00e0 la portabilit\u00e9 des donn\u00e9es &#8211; si et dans la mesure o\u00f9 le RGPD est applicable &#8211; percevoir, corriger, supprimer (\u00ab droit \u00e0 l&rsquo;oubli \u00bb) ou faire bloquer vos donn\u00e9es personnelles, r\u00e9voquer votre consentement et vous opposer au traitement de vos donn\u00e9es personnelles Les donn\u00e9es.<\/p>\n<p>Les personnes dont nous traitons les donn\u00e9es personnelles ont un droit de recours aupr\u00e8s d&rsquo;une autorit\u00e9 de contr\u00f4le comp\u00e9tente en mati\u00e8re de protection des donn\u00e9es. L&rsquo;autorit\u00e9 de surveillance de la protection des donn\u00e9es en Suisse est le Commissaire f\u00e9d\u00e9ral \u00e0 la protection des donn\u00e9es et \u00e0 l&rsquo;information (FDPIC).<\/p>\n<p><strong>Adresse de contact<\/strong><\/p>\n<p>Les demandes des autorit\u00e9s de contr\u00f4le et des personnes concern\u00e9es peuvent \u00eatre envoy\u00e9es par courrier \u00e9lectronique ou postal :<\/p>\n<p>Oxymoron AG<br \/>Grabenstrasse 15a<br \/>6340 Baar<br \/><a href=\"mailto:info@poppers-online.ch\">info@poppers-online.ch<\/a><\/p>\n<p>Baar, le 16 juillet 2021<\/p>\n<div id=\"a36bb854c610d44-autofill-overlay-host\" class=\"a36bb854c610d44-autofill-overlay-host\" style=\"position: absolute; z-index: 10; top: 0px; left: 0px; width: 0;\">\n<div style=\"display: hidden;\"> <\/div>\n<\/div>\n<div id=\"a36bb854c610d44-autofill-overlay-host\" class=\"a36bb854c610d44-autofill-overlay-host\" style=\"position: absolute; z-index: 10; top: 0px; left: 0px; width: 0;\">\n<div style=\"display: hidden;\"> <\/div>\n<\/div>\n\t\t\t\t\t\t\t\t<\/div>\n\t\t\t\t<\/div>\n\t\t\t\t<div class=\"elementor-element elementor-element-ec3f121 elementor-widget elementor-widget-spacer\" data-id=\"ec3f121\" data-element_type=\"widget\" data-e-type=\"widget\" data-widget_type=\"spacer.default\">\n\t\t\t\t<div class=\"elementor-widget-container\">\n\t\t\t\t\t\t\t<div class=\"elementor-spacer\">\n\t\t\t<div class=\"elementor-spacer-inner\"><\/div>\n\t\t<\/div>\n\t\t\t\t\t\t<\/div>\n\t\t\t\t<\/div>\n\t\t\t\t\t<\/div>\n\t\t<\/div>\n\t\t\t\t\t<\/div>\n\t\t<\/section>\n\t\t\t\t<\/div>\n\t\t","protected":false},"excerpt":{"rendered":"<p>Protection des donn\u00e9es La protection de votre vie priv\u00e9e et de vos donn\u00e9es est tr\u00e8s importante pour nous. Dans toutes les proc\u00e9dures de traitement des donn\u00e9es (par exemple, collecte, traitement et transmission), nous proc\u00e9dons conform\u00e9ment aux dispositions l\u00e9gales. Nous pouvons adapter notre d\u00e9claration de protection des donn\u00e9es \u00e0 tout moment en la publiant sur ce [&hellip;]<\/p>\n","protected":false},"author":1,"featured_media":0,"parent":0,"menu_order":0,"comment_status":"closed","ping_status":"closed","template":"elementor_header_footer","meta":{"_acf_changed":false,"iawp_total_views":8,"_glsr_average":0,"_glsr_ranking":0,"_glsr_reviews":0,"footnotes":""},"class_list":["post-2527","page","type-page","status-publish","hentry"],"acf":[],"_links":{"self":[{"href":"https:\/\/poppers-online.ch\/fr\/wp-json\/wp\/v2\/pages\/2527","targetHints":{"allow":["GET"]}}],"collection":[{"href":"https:\/\/poppers-online.ch\/fr\/wp-json\/wp\/v2\/pages"}],"about":[{"href":"https:\/\/poppers-online.ch\/fr\/wp-json\/wp\/v2\/types\/page"}],"author":[{"embeddable":true,"href":"https:\/\/poppers-online.ch\/fr\/wp-json\/wp\/v2\/users\/1"}],"replies":[{"embeddable":true,"href":"https:\/\/poppers-online.ch\/fr\/wp-json\/wp\/v2\/comments?post=2527"}],"version-history":[{"count":0,"href":"https:\/\/poppers-online.ch\/fr\/wp-json\/wp\/v2\/pages\/2527\/revisions"}],"wp:attachment":[{"href":"https:\/\/poppers-online.ch\/fr\/wp-json\/wp\/v2\/media?parent=2527"}],"curies":[{"name":"wp","href":"https:\/\/api.w.org\/{rel}","templated":true}]}}