{"id":2378,"date":"2021-09-17T18:28:33","date_gmt":"2021-09-17T16:28:33","guid":{"rendered":"https:\/\/poppers.novatask.biz\/imprimer\/"},"modified":"2025-06-24T19:19:31","modified_gmt":"2025-06-24T17:19:31","slug":"mentions-legales","status":"publish","type":"page","link":"https:\/\/poppers-online.ch\/fr\/mentions-legales\/","title":{"rendered":"Mentions l\u00e9gales"},"content":{"rendered":"\t\t<div data-elementor-type=\"wp-page\" data-elementor-id=\"2378\" class=\"elementor elementor-2378 elementor-272\" data-elementor-post-type=\"page\">\n\t\t\t\t\t\t<section class=\"elementor-section elementor-top-section elementor-element elementor-element-7fd5f6b elementor-section-boxed elementor-section-height-default elementor-section-height-default\" data-id=\"7fd5f6b\" data-element_type=\"section\" data-e-type=\"section\">\n\t\t\t\t\t\t<div class=\"elementor-container elementor-column-gap-default\">\n\t\t\t\t\t<div class=\"elementor-column elementor-col-100 elementor-top-column elementor-element elementor-element-c5cf3f2\" data-id=\"c5cf3f2\" data-element_type=\"column\" data-e-type=\"column\">\n\t\t\t<div class=\"elementor-widget-wrap elementor-element-populated\">\n\t\t\t\t\t\t<div class=\"elementor-element elementor-element-643735b elementor-widget elementor-widget-heading\" data-id=\"643735b\" data-element_type=\"widget\" data-e-type=\"widget\" data-widget_type=\"heading.default\">\n\t\t\t\t<div class=\"elementor-widget-container\">\n\t\t\t\t\t<h1 class=\"elementor-heading-title elementor-size-default\">Mentions l\u00e9gales - Historique de la soci\u00e9t\u00e9<\/h1>\t\t\t\t<\/div>\n\t\t\t\t<\/div>\n\t\t\t\t\t<\/div>\n\t\t<\/div>\n\t\t\t\t\t<\/div>\n\t\t<\/section>\n\t\t\t\t<section class=\"elementor-section elementor-top-section elementor-element elementor-element-37025bf elementor-section-boxed elementor-section-height-default elementor-section-height-default\" data-id=\"37025bf\" data-element_type=\"section\" data-e-type=\"section\">\n\t\t\t\t\t\t<div class=\"elementor-container elementor-column-gap-default\">\n\t\t\t\t\t<div class=\"elementor-column elementor-col-100 elementor-top-column elementor-element elementor-element-b734bb3\" data-id=\"b734bb3\" data-element_type=\"column\" data-e-type=\"column\">\n\t\t\t<div class=\"elementor-widget-wrap elementor-element-populated\">\n\t\t\t\t\t\t<div class=\"elementor-element elementor-element-767fba9 elementor-widget elementor-widget-text-editor\" data-id=\"767fba9\" data-element_type=\"widget\" data-e-type=\"widget\" data-widget_type=\"text-editor.default\">\n\t\t\t\t<div class=\"elementor-widget-container\">\n\t\t\t\t\t\t\t\t\t<p>L&rsquo;une des activit\u00e9s d&rsquo;Oxymoron AG est l&rsquo;importation et le commerce de poppers en Suisse. Pour ce faire, nous g\u00e9rons notamment ce site web. Depuis des ann\u00e9es, nous nous int\u00e9ressons au th\u00e8me des poppers. Il s&rsquo;agit notamment d&rsquo;utiliser les poppers de mani\u00e8re responsable, sans mettre en danger la sant\u00e9 de l&rsquo;homme et de l&rsquo;environnement. Nous nous occupons \u00e9galement de la l\u00e9galisation et de la commercialisation des poppers en Suisse.    &nbsp;<\/p>\n<p>Derri\u00e8re Oxymoron AG se trouve une petite \u00e9quipe eCommerce motiv\u00e9e. Nous travaillons chaque jour pour livrer les commandes \u00e0 nos clients le plus rapidement possible et pour ajouter en permanence de nouveaux produits \u00e0 notre boutique en ligne. &nbsp;<\/p><p>Aujourd&rsquo;hui, nous livrons chaque jour des poppers et des accessoires pour poppers dans de nombreux pays.&nbsp;<\/p>\n<p><\/p>\n<p>Si vous avez des questions sur les poppers, n&rsquo;h\u00e9sitez pas \u00e0 nous contacter.<\/p>\n<p><\/p>\n<p>Oxymoron AG<br>Grabenstrasse 15a<br>6340 Baar  <br><\/p>\n<p>Vous ne pouvez pas venir chercher la marchandise \u00e0 notre bureau. Pour une remise en main propre : utilisez notre service de messagerie pratique : &nbsp;<a href=\"https:\/\/www.poppers-kurier.ch\" target=\"_blank\" style=\"font-family: var( --e-global-typography-text-font-family ), Sans-serif; font-size: var( --e-global-typography-text-font-size ); font-weight: var( --e-global-typography-text-font-weight );\" rel=\"noopener\">www.poppers-kurier.ch<\/a><\/p>\t\t\t\t\t\t\t\t<\/div>\n\t\t\t\t<\/div>\n\t\t\t\t<div class=\"elementor-element elementor-element-f19a8ae elementor-widget elementor-widget-text-editor\" data-id=\"f19a8ae\" data-element_type=\"widget\" data-e-type=\"widget\" data-widget_type=\"text-editor.default\">\n\t\t\t\t<div class=\"elementor-widget-container\">\n\t\t\t\t\t\t\t\t\t<p>T\u00e9l. +41 58 510 83 90<\/p>\t\t\t\t\t\t\t\t<\/div>\n\t\t\t\t<\/div>\n\t\t\t\t<div class=\"elementor-element elementor-element-9182b76 elementor-position-inline-start elementor-mobile-position-inline-start elementor-view-default elementor-widget elementor-widget-icon-box\" data-id=\"9182b76\" data-element_type=\"widget\" data-e-type=\"widget\" data-widget_type=\"icon-box.default\">\n\t\t\t\t<div class=\"elementor-widget-container\">\n\t\t\t\t\t\t\t<div class=\"elementor-icon-box-wrapper\">\n\n\t\t\t\t\t\t<div class=\"elementor-icon-box-icon\">\n\t\t\t\t<a href=\"https:\/\/api.whatsapp.com\/send?phone=41798476346\" class=\"elementor-icon\" tabindex=\"-1\" aria-label=\"+41 79 847 63 46\" target=\"_blank\" rel=\"noopener\">\n\t\t\t\t<i aria-hidden=\"true\" class=\"fab fa-whatsapp\"><\/i>\t\t\t\t<\/a>\n\t\t\t<\/div>\n\t\t\t\n\t\t\t\t\t\t<div class=\"elementor-icon-box-content\">\n\n\t\t\t\t\t\t\t\t\t<p class=\"elementor-icon-box-title\">\n\t\t\t\t\t\t<a href=\"https:\/\/api.whatsapp.com\/send?phone=41798476346\" target=\"_blank\" rel=\"noopener\">\n\t\t\t\t\t\t\t+41 79 847 63 46\t\t\t\t\t\t<\/a>\n\t\t\t\t\t<\/p>\n\t\t\t\t\n\t\t\t\t\n\t\t\t<\/div>\n\t\t\t\n\t\t<\/div>\n\t\t\t\t\t\t<\/div>\n\t\t\t\t<\/div>\n\t\t\t\t\t<\/div>\n\t\t<\/div>\n\t\t\t\t\t<\/div>\n\t\t<\/section>\n\t\t\t\t<\/div>\n\t\t","protected":false},"excerpt":{"rendered":"<p>Mentions l\u00e9gales &#8211; Historique de la soci\u00e9t\u00e9 L&rsquo;une des activit\u00e9s d&rsquo;Oxymoron AG est l&rsquo;importation et le commerce de poppers en Suisse. Pour ce faire, nous g\u00e9rons notamment ce site web. Depuis des ann\u00e9es, nous nous int\u00e9ressons au th\u00e8me des poppers. Il s&rsquo;agit notamment d&rsquo;utiliser les poppers de mani\u00e8re responsable, sans mettre en danger la sant\u00e9 [&hellip;]<\/p>\n","protected":false},"author":1,"featured_media":0,"parent":0,"menu_order":0,"comment_status":"closed","ping_status":"closed","template":"elementor_header_footer","meta":{"_acf_changed":false,"iawp_total_views":13,"_glsr_average":0,"_glsr_ranking":0,"_glsr_reviews":0,"footnotes":""},"class_list":["post-2378","page","type-page","status-publish","hentry"],"acf":[],"_links":{"self":[{"href":"https:\/\/poppers-online.ch\/fr\/wp-json\/wp\/v2\/pages\/2378","targetHints":{"allow":["GET"]}}],"collection":[{"href":"https:\/\/poppers-online.ch\/fr\/wp-json\/wp\/v2\/pages"}],"about":[{"href":"https:\/\/poppers-online.ch\/fr\/wp-json\/wp\/v2\/types\/page"}],"author":[{"embeddable":true,"href":"https:\/\/poppers-online.ch\/fr\/wp-json\/wp\/v2\/users\/1"}],"replies":[{"embeddable":true,"href":"https:\/\/poppers-online.ch\/fr\/wp-json\/wp\/v2\/comments?post=2378"}],"version-history":[{"count":0,"href":"https:\/\/poppers-online.ch\/fr\/wp-json\/wp\/v2\/pages\/2378\/revisions"}],"wp:attachment":[{"href":"https:\/\/poppers-online.ch\/fr\/wp-json\/wp\/v2\/media?parent=2378"}],"curies":[{"name":"wp","href":"https:\/\/api.w.org\/{rel}","templated":true}]}}