{"id":2212,"date":"2021-09-17T17:11:16","date_gmt":"2021-09-17T15:11:16","guid":{"rendered":"https:\/\/poppers.novatask.biz\/expedition\/"},"modified":"2026-01-13T18:18:18","modified_gmt":"2026-01-13T17:18:18","slug":"expedition","status":"publish","type":"page","link":"https:\/\/poppers-online.ch\/fr\/expedition\/","title":{"rendered":"exp\u00e9dition"},"content":{"rendered":"\t\t<div data-elementor-type=\"wp-page\" data-elementor-id=\"2212\" class=\"elementor elementor-2212 elementor-263\" data-elementor-post-type=\"page\">\n\t\t\t\t\t\t<section class=\"elementor-section elementor-top-section elementor-element elementor-element-1cfecbb elementor-section-boxed elementor-section-height-default elementor-section-height-default\" data-id=\"1cfecbb\" data-element_type=\"section\" data-e-type=\"section\">\n\t\t\t\t\t\t<div class=\"elementor-container elementor-column-gap-default\">\n\t\t\t\t\t<div class=\"elementor-column elementor-col-100 elementor-top-column elementor-element elementor-element-936b174\" data-id=\"936b174\" data-element_type=\"column\" data-e-type=\"column\">\n\t\t\t<div class=\"elementor-widget-wrap elementor-element-populated\">\n\t\t\t\t\t\t<div class=\"elementor-element elementor-element-e44d74d elementor-widget elementor-widget-heading\" data-id=\"e44d74d\" data-element_type=\"widget\" data-e-type=\"widget\" data-widget_type=\"heading.default\">\n\t\t\t\t<div class=\"elementor-widget-container\">\n\t\t\t\t\t<h1 class=\"elementor-heading-title elementor-size-default\">Exp\u00e9dition de Poppers depuis la Suisse \/ Service Pick-Up<\/h1>\t\t\t\t<\/div>\n\t\t\t\t<\/div>\n\t\t\t\t\t<\/div>\n\t\t<\/div>\n\t\t\t\t\t<\/div>\n\t\t<\/section>\n\t\t\t\t<section class=\"elementor-section elementor-top-section elementor-element elementor-element-99387da elementor-section-boxed elementor-section-height-default elementor-section-height-default\" data-id=\"99387da\" data-element_type=\"section\" data-e-type=\"section\">\n\t\t\t\t\t\t<div class=\"elementor-container elementor-column-gap-default\">\n\t\t\t\t\t<div class=\"elementor-column elementor-col-100 elementor-top-column elementor-element elementor-element-f8dab93\" data-id=\"f8dab93\" data-element_type=\"column\" data-e-type=\"column\">\n\t\t\t<div class=\"elementor-widget-wrap elementor-element-populated\">\n\t\t\t\t\t\t<div class=\"elementor-element elementor-element-90f6749 elementor-widget elementor-widget-text-editor\" data-id=\"90f6749\" data-element_type=\"widget\" data-e-type=\"widget\" data-widget_type=\"text-editor.default\">\n\t\t\t\t<div class=\"elementor-widget-container\">\n\t\t\t\t\t\t\t\t\t<p>Nous envoyons les Poppers exclusivement depuis la Suisse et ce, par la poste suisse. Ainsi, tu es s\u00fbr de ne pas avoir de probl\u00e8mes de douane et ton colis arrive rapidement, en 1 ou 2 jours ouvrables. Cela signifie que nous enverrons le colis le jour o\u00f9 nous recevrons l&rsquo;argent. Dans le cas des paiements par carte bancaire et TWINT, c&rsquo;est au jour de la commande. Nous envoyons uniquement par courrier A, ce qui signifie que le d\u00e9lai de livraison du colis est de 1 jour ouvrable. Par exemple, si vous commandez par carte bancaire le lundi matin, vous aurez votre colis dans la box de lait le mardi.<\/p><p>Coursier Poppers : si la discr\u00e9tion est ta priorit\u00e9 et que tu ne peux pas recevoir un paquet de Poppers chez toi, nous te recommandons notre service de livraison par coursier dans toute la Suisse : poppers-kurier.ch<\/p><p><span style=\"color: var( --e-global-color-text ); font-size: var( --e-global-typography-text-font-size ); font-weight: var( --e-global-typography-text-font-weight );\">Service Pick-Up : si tu habites \u00e0 Zurich ou dans l&rsquo;agglom\u00e9ration zurichoise, tu peux d\u00e9sormais profiter de notre service Pick-Up. Si vous \u00eates tr\u00e8s press\u00e9(e), par exemple un week-end, notre service pick-up est tr\u00e8s pratique (valeur minimale de la marchandise : CHF 80.-).<\/span><\/p><p>L&rsquo;envoi vers l&rsquo;Allemagne et l&rsquo;Autriche est effectu\u00e9 par DHL. Les frais d&rsquo;envoi vers l&rsquo;Allemagne s&rsquo;\u00e9l\u00e8vent \u00e0 CHF 5.90 (d\u00e9lai d&rsquo;acheminement du colis : 1 \u00e0 2 jours). Les frais d&rsquo;envoi vers l&rsquo;Autriche s&rsquo;\u00e9l\u00e8vent \u00e0 CHF 9.90 (d\u00e9lai d&rsquo;acheminement du colis : 3-4 jours).<\/p><p>Nous envoyons toujours nos colis de mani\u00e8re neutre, c&rsquo;est-\u00e0-dire sans publicit\u00e9 sur la bo\u00eete d&rsquo;exp\u00e9dition. L&rsquo;exp\u00e9diteur est Oxymoron AG. De cette fa\u00e7on, nous prot\u00e9geons votre vie priv\u00e9e.<\/p>\t\t\t\t\t\t\t\t<\/div>\n\t\t\t\t<\/div>\n\t\t\t\t\t<\/div>\n\t\t<\/div>\n\t\t\t\t\t<\/div>\n\t\t<\/section>\n\t\t<div class=\"elementor-element elementor-element-dfad760 e-flex e-con-boxed e-con e-parent\" data-id=\"dfad760\" data-element_type=\"container\" data-e-type=\"container\">\n\t\t\t\t\t<div class=\"e-con-inner\">\n\t\t<div class=\"elementor-element elementor-element-0a6904b e-con-full e-flex e-con e-child\" data-id=\"0a6904b\" data-element_type=\"container\" data-e-type=\"container\">\n\t\t\t\t<div class=\"elementor-element elementor-element-f18a865 elementor-widget__width-initial elementor-widget elementor-widget-image\" data-id=\"f18a865\" data-element_type=\"widget\" data-e-type=\"widget\" data-widget_type=\"image.default\">\n\t\t\t\t<div class=\"elementor-widget-container\">\n\t\t\t\t\t\t\t\t\t\t\t\t\t\t\t<img fetchpriority=\"high\" decoding=\"async\" width=\"800\" height=\"800\" src=\"https:\/\/poppers-online.ch\/wp-content\/uploads\/poppers-versand-2.jpg\" class=\"attachment-large size-large wp-image-2214\" alt=\"poppers-exp\u00e9dition-2\" srcset=\"https:\/\/poppers-online.ch\/wp-content\/uploads\/poppers-versand-2.jpg 800w, https:\/\/poppers-online.ch\/wp-content\/uploads\/poppers-versand-2-100x100.jpg 100w, https:\/\/poppers-online.ch\/wp-content\/uploads\/poppers-versand-2-64x64.jpg 64w, https:\/\/poppers-online.ch\/wp-content\/uploads\/poppers-versand-2-600x600.jpg 600w, https:\/\/poppers-online.ch\/wp-content\/uploads\/poppers-versand-2-300x300.jpg 300w, https:\/\/poppers-online.ch\/wp-content\/uploads\/poppers-versand-2-150x150.jpg 150w, https:\/\/poppers-online.ch\/wp-content\/uploads\/poppers-versand-2-768x768.jpg 768w\" sizes=\"(max-width: 800px) 100vw, 800px\" \/>\t\t\t\t\t\t\t\t\t\t\t\t\t\t\t<\/div>\n\t\t\t\t<\/div>\n\t\t\t\t<\/div>\n\t\t\t\t\t<\/div>\n\t\t\t\t<\/div>\n\t\t\t\t<section class=\"elementor-section elementor-top-section elementor-element elementor-element-5fda302 elementor-section-boxed elementor-section-height-default elementor-section-height-default\" data-id=\"5fda302\" data-element_type=\"section\" data-e-type=\"section\">\n\t\t\t\t\t\t<div class=\"elementor-container elementor-column-gap-default\">\n\t\t\t\t\t<div class=\"elementor-column elementor-col-100 elementor-top-column elementor-element elementor-element-cfbbcd4\" data-id=\"cfbbcd4\" data-element_type=\"column\" data-e-type=\"column\">\n\t\t\t<div class=\"elementor-widget-wrap elementor-element-populated\">\n\t\t\t\t\t\t<div class=\"elementor-element elementor-element-678609e elementor-widget elementor-widget-text-editor\" data-id=\"678609e\" data-element_type=\"widget\" data-e-type=\"widget\" data-widget_type=\"text-editor.default\">\n\t\t\t\t<div class=\"elementor-widget-container\">\n\t\t\t\t\t\t\t\t\t<p>Les Poppers sont bien prot\u00e9g\u00e9s dans leur carton avec de la mousse \u00e0 bulles. Si du liquide venait \u00e0 s&rsquo;\u00e9couler, la mousse l&rsquo;absorbe et \u00e9vite les mauvaises odeurs dans la bo\u00eete \u00e0 lait. <\/p>\t\t\t\t\t\t\t\t<\/div>\n\t\t\t\t<\/div>\n\t\t\t\t\t<\/div>\n\t\t<\/div>\n\t\t\t\t\t<\/div>\n\t\t<\/section>\n\t\t<div class=\"elementor-element elementor-element-42bc160 e-flex e-con-boxed e-con e-parent\" data-id=\"42bc160\" data-element_type=\"container\" data-e-type=\"container\">\n\t\t\t\t\t<div class=\"e-con-inner\">\n\t\t<div class=\"elementor-element elementor-element-74c9017 e-con-full e-flex e-con e-child\" data-id=\"74c9017\" data-element_type=\"container\" data-e-type=\"container\">\n\t\t\t\t<div class=\"elementor-element elementor-element-c2f9fcb elementor-widget elementor-widget-video\" data-id=\"c2f9fcb\" data-element_type=\"widget\" data-e-type=\"widget\" data-settings=\"{&quot;youtube_url&quot;:&quot;https:\\\/\\\/youtu.be\\\/HIl0BvWJgno?si=8pgESolrfjyKWoEc&quot;,&quot;video_type&quot;:&quot;youtube&quot;,&quot;controls&quot;:&quot;yes&quot;}\" data-widget_type=\"video.default\">\n\t\t\t\t<div class=\"elementor-widget-container\">\n\t\t\t\t\t\t\t<div class=\"elementor-wrapper elementor-open-inline\">\n\t\t\t<div class=\"elementor-video\"><\/div>\t\t<\/div>\n\t\t\t\t\t\t<\/div>\n\t\t\t\t<\/div>\n\t\t\t\t<div class=\"elementor-element elementor-element-fe64e6b elementor-widget elementor-widget-video\" data-id=\"fe64e6b\" data-element_type=\"widget\" data-e-type=\"widget\" data-settings=\"{&quot;youtube_url&quot;:&quot;https:\\\/\\\/youtube.com\\\/shorts\\\/Or1FPoh-fDo?si=1IlEv7ceTwOoGj1w&quot;,&quot;video_type&quot;:&quot;youtube&quot;,&quot;controls&quot;:&quot;yes&quot;}\" data-widget_type=\"video.default\">\n\t\t\t\t<div class=\"elementor-widget-container\">\n\t\t\t\t\t\t\t<div class=\"elementor-wrapper elementor-open-inline\">\n\t\t\t<div class=\"elementor-video\"><\/div>\t\t<\/div>\n\t\t\t\t\t\t<\/div>\n\t\t\t\t<\/div>\n\t\t\t\t<\/div>\n\t\t\t\t\t<\/div>\n\t\t\t\t<\/div>\n\t\t\t\t<\/div>\n\t\t","protected":false},"excerpt":{"rendered":"<p>Exp\u00e9dition de Poppers depuis la Suisse \/ Service Pick-Up Nous envoyons les Poppers exclusivement depuis la Suisse et ce, par la poste suisse. Ainsi, tu es s\u00fbr de ne pas avoir de probl\u00e8mes de douane et ton colis arrive rapidement, en 1 ou 2 jours ouvrables. Cela signifie que nous enverrons le colis le jour [&hellip;]<\/p>\n","protected":false},"author":1,"featured_media":91283,"parent":0,"menu_order":0,"comment_status":"closed","ping_status":"closed","template":"elementor_header_footer","meta":{"_acf_changed":false,"iawp_total_views":335,"_glsr_average":0,"_glsr_ranking":0,"_glsr_reviews":0,"footnotes":""},"class_list":["post-2212","page","type-page","status-publish","has-post-thumbnail","hentry"],"acf":[],"_links":{"self":[{"href":"https:\/\/poppers-online.ch\/fr\/wp-json\/wp\/v2\/pages\/2212","targetHints":{"allow":["GET"]}}],"collection":[{"href":"https:\/\/poppers-online.ch\/fr\/wp-json\/wp\/v2\/pages"}],"about":[{"href":"https:\/\/poppers-online.ch\/fr\/wp-json\/wp\/v2\/types\/page"}],"author":[{"embeddable":true,"href":"https:\/\/poppers-online.ch\/fr\/wp-json\/wp\/v2\/users\/1"}],"replies":[{"embeddable":true,"href":"https:\/\/poppers-online.ch\/fr\/wp-json\/wp\/v2\/comments?post=2212"}],"version-history":[{"count":2,"href":"https:\/\/poppers-online.ch\/fr\/wp-json\/wp\/v2\/pages\/2212\/revisions"}],"predecessor-version":[{"id":143987,"href":"https:\/\/poppers-online.ch\/fr\/wp-json\/wp\/v2\/pages\/2212\/revisions\/143987"}],"wp:featuredmedia":[{"embeddable":true,"href":"https:\/\/poppers-online.ch\/fr\/wp-json\/wp\/v2\/media\/91283"}],"wp:attachment":[{"href":"https:\/\/poppers-online.ch\/fr\/wp-json\/wp\/v2\/media?parent=2212"}],"curies":[{"name":"wp","href":"https:\/\/api.w.org\/{rel}","templated":true}]}}