{"id":53490,"date":"2023-04-16T19:16:42","date_gmt":"2023-04-16T17:16:42","guid":{"rendered":"https:\/\/poppers-online.ch\/?post_type=product&#038;p=53490"},"modified":"2026-04-16T10:43:51","modified_gmt":"2026-04-16T08:43:51","slug":"j-lube-284g","status":"publish","type":"product","link":"https:\/\/poppers-online.ch\/en\/product\/j-lube-284g\/","title":{"rendered":"J-Lube 284g"},"content":{"rendered":"","protected":false},"excerpt":{"rendered":"<p><span data-sheets-value=\"{\"1\":2,\"2\":\"Die Fist Lube der Marke XTRM wurde f\u00fcr alle spielfreudigen Fist Player und speziell f\u00fcr den Faustverkehr entwickelt. Diese Premium Lube sorgt f\u00fcr entspannte Penetrations-Spiele im Analbereich. XTRM Hybrid Formula. Wasserbasiertes Gleitgel. Lang anhaltend und sehr gleitf\u00e4hig. Latex Kondom freundlich. \u00d6l- und Fettfrei. Mit Seife und Wasser l\u00e4sst sich die Fist Lube von XTRM problemlos abwaschen. Das heisst, wenn die Fist Lube auf den Boden oder in den Sling fliessen sollte, kannst Du sicher sein, dass Du die Fist Lube sauber abwischen kannst. Dieses Qualit\u00e4tsprodukt wird unter deutschen Qualit\u00e4tskontrollen in Deutschland hergestellt und in der praktischen 500ml Dose geliefert.\"}\" data-sheets-userformat=\"{\"2\":14851,\"3\":{\"1\":0},\"4\":{\"1\":2,\"2\":65535},\"12\":0,\"14\":{\"1\":2,\"2\":987409},\"15\":\"Arial\",\"16\":11}\">J-Lube 284g is the classic lubricant powder to make yourself. J-Lube is supplied in highly concentrated powder and only needs to be mixed with water. One can makes about 20-25 liters of very slippery lubricant. Because it is water-based, J-Lube is rubber\/latex compatible and also works well with silicone toys. With 2-3 tablespoons and 1\/2 liter of water you produce a portion of lubricant. You can simply vary the quantities. It is best to use a whisk or a shaker. Depending on the consistency, the finished J-Lube pulls threads with every touch. By the way: J-Lube originally comes from veterinary medicine, so it fits well with animal projects.  <\/span><\/p>\n","protected":false},"featured_media":53462,"comment_status":"open","ping_status":"closed","template":"","meta":{"_acf_changed":false,"iawp_total_views":70,"_glsr_average":0,"_glsr_ranking":0,"_glsr_reviews":0},"product_brand":[],"product_cat":[2066,164],"product_tag":[515],"class_list":{"0":"post-53490","1":"product","2":"type-product","3":"status-publish","4":"has-post-thumbnail","6":"product_cat-lubricants","7":"product_cat-drug-store","8":"product_tag-j-lube-284g-en","10":"first","11":"instock","12":"taxable","13":"shipping-taxable","14":"purchasable","15":"product-type-simple"},"acf":[],"_links":{"self":[{"href":"https:\/\/poppers-online.ch\/en\/wp-json\/wp\/v2\/product\/53490","targetHints":{"allow":["GET"]}}],"collection":[{"href":"https:\/\/poppers-online.ch\/en\/wp-json\/wp\/v2\/product"}],"about":[{"href":"https:\/\/poppers-online.ch\/en\/wp-json\/wp\/v2\/types\/product"}],"replies":[{"embeddable":true,"href":"https:\/\/poppers-online.ch\/en\/wp-json\/wp\/v2\/comments?post=53490"}],"wp:featuredmedia":[{"embeddable":true,"href":"https:\/\/poppers-online.ch\/en\/wp-json\/wp\/v2\/media\/53462"}],"wp:attachment":[{"href":"https:\/\/poppers-online.ch\/en\/wp-json\/wp\/v2\/media?parent=53490"}],"wp:term":[{"taxonomy":"product_brand","embeddable":true,"href":"https:\/\/poppers-online.ch\/en\/wp-json\/wp\/v2\/product_brand?post=53490"},{"taxonomy":"product_cat","embeddable":true,"href":"https:\/\/poppers-online.ch\/en\/wp-json\/wp\/v2\/product_cat?post=53490"},{"taxonomy":"product_tag","embeddable":true,"href":"https:\/\/poppers-online.ch\/en\/wp-json\/wp\/v2\/product_tag?post=53490"}],"curies":[{"name":"wp","href":"https:\/\/api.w.org\/{rel}","templated":true}]}}